{"id":94,"date":"2016-01-05T20:05:14","date_gmt":"2016-01-05T19:05:14","guid":{"rendered":"http:\/\/xn--vielstdte-02a.com\/?page_id=94"},"modified":"2018-06-25T20:28:00","modified_gmt":"2018-06-25T18:28:00","slug":"wm-tippspiel-2014","status":"publish","type":"page","link":"http:\/\/xn--vielstdte-02a.com\/?page_id=94","title":{"rendered":"WM Tippspiel 2014"},"content":{"rendered":"<ol>\n<li>Rainer Vielst\u00e4dte<\/li>\n<li>Timo Br\u00fcggemann<\/li>\n<li>Sebastian Vielst\u00e4dte<\/li>\n<li>Janine Woltering<\/li>\n<li>Alexander Heitmann<\/li>\n<li>Julia Vielst\u00e4dte<\/li>\n<li>Daniel Roer<\/li>\n<li>Stephan Toppm\u00f6ller<\/li>\n<li>Josef Behrens<\/li>\n<li>Frederik Rickel<\/li>\n<li>Felix B\u00fcsing<\/li>\n<li>Indra Dittmann<\/li>\n<li>Stefanie Rottmann<\/li>\n<li>Ulf Brockhoff<\/li>\n<li>Kai Woltering<\/li>\n<li>Michael Winter<\/li>\n<li>Kevin Kiffmeier<\/li>\n<li>Andreas Haggeney<\/li>\n<\/ol>\n","protected":false},"excerpt":{"rendered":"<p>Rainer Vielst\u00e4dte Timo Br\u00fcggemann Sebastian Vielst\u00e4dte Janine Woltering Alexander Heitmann Julia Vielst\u00e4dte Daniel Roer Stephan Toppm\u00f6ller Josef Behrens Frederik Rickel Felix B\u00fcsing Indra Dittmann Stefanie Rottmann Ulf Brockhoff Kai Woltering Michael Winter Kevin Kiffmeier Andreas Haggeney<\/p>\n","protected":false},"author":1,"featured_media":105,"parent":72,"menu_order":0,"comment_status":"closed","ping_status":"closed","template":"","meta":[],"_links":{"self":[{"href":"http:\/\/xn--vielstdte-02a.com\/index.php?rest_route=\/wp\/v2\/pages\/94"}],"collection":[{"href":"http:\/\/xn--vielstdte-02a.com\/index.php?rest_route=\/wp\/v2\/pages"}],"about":[{"href":"http:\/\/xn--vielstdte-02a.com\/index.php?rest_route=\/wp\/v2\/types\/page"}],"author":[{"embeddable":true,"href":"http:\/\/xn--vielstdte-02a.com\/index.php?rest_route=\/wp\/v2\/users\/1"}],"replies":[{"embeddable":true,"href":"http:\/\/xn--vielstdte-02a.com\/index.php?rest_route=%2Fwp%2Fv2%2Fcomments&post=94"}],"version-history":[{"count":1,"href":"http:\/\/xn--vielstdte-02a.com\/index.php?rest_route=\/wp\/v2\/pages\/94\/revisions"}],"predecessor-version":[{"id":95,"href":"http:\/\/xn--vielstdte-02a.com\/index.php?rest_route=\/wp\/v2\/pages\/94\/revisions\/95"}],"up":[{"embeddable":true,"href":"http:\/\/xn--vielstdte-02a.com\/index.php?rest_route=\/wp\/v2\/pages\/72"}],"wp:featuredmedia":[{"embeddable":true,"href":"http:\/\/xn--vielstdte-02a.com\/index.php?rest_route=\/wp\/v2\/media\/105"}],"wp:attachment":[{"href":"http:\/\/xn--vielstdte-02a.com\/index.php?rest_route=%2Fwp%2Fv2%2Fmedia&parent=94"}],"curies":[{"name":"wp","href":"https:\/\/api.w.org\/{rel}","templated":true}]}}