{"id":90,"date":"2016-01-05T19:59:09","date_gmt":"2016-01-05T18:59:09","guid":{"rendered":"http:\/\/xn--vielstdte-02a.com\/?page_id=90"},"modified":"2018-06-25T20:26:52","modified_gmt":"2018-06-25T18:26:52","slug":"em-tippspiel-2012","status":"publish","type":"page","link":"http:\/\/xn--vielstdte-02a.com\/?page_id=90","title":{"rendered":"EM Tippspiel 2012"},"content":{"rendered":"<ol>\n<li>Meike F\u00fcchtenhans<\/li>\n<li>Dennis Nahrmann<\/li>\n<li>Janine Woltering<\/li>\n<li>John \u00d6sterwinter<\/li>\n<li>Rainer Vielst\u00e4dte<\/li>\n<li>Bastian Birkenhauer<\/li>\n<li>Daniel Roer<\/li>\n<li>Sebastian Vielst\u00e4dte<\/li>\n<li>Bernhard Vielst\u00e4dte<\/li>\n<li>Ren\u00e9 Keitemeier<\/li>\n<li>Felix B\u00fcsing<\/li>\n<li>Julian Welzel<\/li>\n<li>Michael Winter<\/li>\n<li>Hannes Burow<\/li>\n<li>Lars Nettelstroth<\/li>\n<li>Reinhard Nickel<\/li>\n<li>Markus Tentrup<\/li>\n<li>Josef Behrens<\/li>\n<li>Ingrid Vielst\u00e4dte<\/li>\n<li>Inge Vielst\u00e4dte<\/li>\n<li>Dominik Feldmann<\/li>\n<li>Ulf Brockhoff<\/li>\n<li>Justus Burow<\/li>\n<li>Kevin Kiffmeier<\/li>\n<li>Alexander Heitmann<\/li>\n<\/ol>\n","protected":false},"excerpt":{"rendered":"<p>Meike F\u00fcchtenhans Dennis Nahrmann Janine Woltering John \u00d6sterwinter Rainer Vielst\u00e4dte Bastian Birkenhauer Daniel Roer Sebastian Vielst\u00e4dte Bernhard Vielst\u00e4dte Ren\u00e9 Keitemeier Felix B\u00fcsing Julian Welzel Michael Winter Hannes Burow Lars Nettelstroth Reinhard Nickel Markus Tentrup Josef Behrens Ingrid Vielst\u00e4dte Inge Vielst\u00e4dte Dominik Feldmann Ulf Brockhoff Justus Burow Kevin Kiffmeier Alexander Heitmann<\/p>\n","protected":false},"author":1,"featured_media":102,"parent":72,"menu_order":0,"comment_status":"closed","ping_status":"closed","template":"","meta":[],"_links":{"self":[{"href":"http:\/\/xn--vielstdte-02a.com\/index.php?rest_route=\/wp\/v2\/pages\/90"}],"collection":[{"href":"http:\/\/xn--vielstdte-02a.com\/index.php?rest_route=\/wp\/v2\/pages"}],"about":[{"href":"http:\/\/xn--vielstdte-02a.com\/index.php?rest_route=\/wp\/v2\/types\/page"}],"author":[{"embeddable":true,"href":"http:\/\/xn--vielstdte-02a.com\/index.php?rest_route=\/wp\/v2\/users\/1"}],"replies":[{"embeddable":true,"href":"http:\/\/xn--vielstdte-02a.com\/index.php?rest_route=%2Fwp%2Fv2%2Fcomments&post=90"}],"version-history":[{"count":3,"href":"http:\/\/xn--vielstdte-02a.com\/index.php?rest_route=\/wp\/v2\/pages\/90\/revisions"}],"predecessor-version":[{"id":93,"href":"http:\/\/xn--vielstdte-02a.com\/index.php?rest_route=\/wp\/v2\/pages\/90\/revisions\/93"}],"up":[{"embeddable":true,"href":"http:\/\/xn--vielstdte-02a.com\/index.php?rest_route=\/wp\/v2\/pages\/72"}],"wp:featuredmedia":[{"embeddable":true,"href":"http:\/\/xn--vielstdte-02a.com\/index.php?rest_route=\/wp\/v2\/media\/102"}],"wp:attachment":[{"href":"http:\/\/xn--vielstdte-02a.com\/index.php?rest_route=%2Fwp%2Fv2%2Fmedia&parent=90"}],"curies":[{"name":"wp","href":"https:\/\/api.w.org\/{rel}","templated":true}]}}