{"id":887,"date":"2018-05-28T20:49:04","date_gmt":"2018-05-28T18:49:04","guid":{"rendered":"http:\/\/xn--vielstdte-02a.com\/?page_id=887"},"modified":"2018-06-25T20:25:49","modified_gmt":"2018-06-25T18:25:49","slug":"bundesliga-saison-2017-2018","status":"publish","type":"page","link":"http:\/\/xn--vielstdte-02a.com\/?page_id=887","title":{"rendered":"Bundesliga Tippspiel 2017\/2018"},"content":{"rendered":"<table style=\"border-color: #ffffff;\">\n<tbody>\n<tr>\n<td><strong>Name<\/strong><\/td>\n<td style=\"text-align: center;\"><strong>Punkte<\/strong><\/td>\n<td style=\"text-align: center;\"><strong>Gewinn<\/strong><\/td>\n<\/tr>\n<tr>\n<td>Ulf Brockhoff<\/td>\n<td style=\"text-align: center;\">251<\/td>\n<td style=\"text-align: center;\">42,50 EUR<\/td>\n<\/tr>\n<tr>\n<td>Daniel Roer<\/td>\n<td style=\"text-align: center;\">245<\/td>\n<td style=\"text-align: center;\">25,50 EUR<\/td>\n<\/tr>\n<tr>\n<td>Lukas Huneke<\/td>\n<td style=\"text-align: center;\">235<\/td>\n<td style=\"text-align: center;\">17,00 EUR<\/td>\n<\/tr>\n<tr>\n<td>Michael Winter<\/td>\n<td style=\"text-align: center;\">233<\/td>\n<td style=\"text-align: center;\"><\/td>\n<\/tr>\n<tr>\n<td>Dirk Stockbr\u00fcgger<\/td>\n<td style=\"text-align: center;\">232<\/td>\n<td style=\"text-align: center;\"><\/td>\n<\/tr>\n<tr>\n<td>Reinhard Mix<\/td>\n<td style=\"text-align: center;\">232<\/td>\n<td style=\"text-align: center;\"><\/td>\n<\/tr>\n<tr>\n<td>Timo Br\u00fcggemann<\/td>\n<td style=\"text-align: center;\">223<\/td>\n<td style=\"text-align: center;\"><\/td>\n<\/tr>\n<tr>\n<td>Svenja Vielst\u00e4dte<\/td>\n<td style=\"text-align: center;\">219<\/td>\n<td style=\"text-align: center;\"><\/td>\n<\/tr>\n<tr>\n<td>Indra &#038; Jonah Roer<\/td>\n<td style=\"text-align: center;\">218<\/td>\n<td style=\"text-align: center;\"><\/td>\n<\/tr>\n<tr>\n<td>Lars Nettelstroth<\/td>\n<td style=\"text-align: center;\">216<\/td>\n<td style=\"text-align: center;\"><\/td>\n<\/tr>\n<tr>\n<td>Sebastian Vielst\u00e4dte<\/td>\n<td style=\"text-align: center;\">211<\/td>\n<td style=\"text-align: center;\"><\/td>\n<\/tr>\n<tr>\n<td>Stephan Toppm\u00f6ller<\/td>\n<td style=\"text-align: center;\">196<\/td>\n<td style=\"text-align: center;\"><\/td>\n<\/tr>\n<tr>\n<td>Janine Woltering<\/td>\n<td style=\"text-align: center;\">193<\/td>\n<td style=\"text-align: center;\"><\/td>\n<\/tr>\n<tr>\n<td>Markus Tentrup<\/td>\n<td style=\"text-align: center;\">185<\/td>\n<td style=\"text-align: center;\"><\/td>\n<\/tr>\n<tr>\n<td>Nadine Dalkmann<\/td>\n<td style=\"text-align: center;\">122<\/td>\n<td style=\"text-align: center;\"><\/td>\n<\/tr>\n<tr>\n<td>Rainer Vielst\u00e4dte<\/td>\n<td style=\"text-align: center;\">63<\/td>\n<td style=\"text-align: center;\"><\/td>\n<\/tr>\n<tr>\n<td>Ingrid Vielst\u00e4dte<\/td>\n<td style=\"text-align: center;\">25<\/td>\n<td style=\"text-align: center;\"><\/td>\n<\/tr>\n<\/tbody>\n<\/table>\n","protected":false},"excerpt":{"rendered":"<p>Name Punkte Gewinn Ulf Brockhoff 251 42,50 EUR Daniel Roer 245 25,50 EUR Lukas Huneke 235 17,00 EUR Michael Winter 233 Dirk Stockbr\u00fcgger 232 Reinhard Mix 232 Timo Br\u00fcggemann 223 Svenja Vielst\u00e4dte 219 Indra &#038; Jonah Roer 218 Lars Nettelstroth 216 Sebastian Vielst\u00e4dte 211 Stephan Toppm\u00f6ller 196 Janine Woltering 193 Markus Tentrup 185 Nadine Dalkmann 122 Rainer Vielst\u00e4dte 63 Ingrid Vielst\u00e4dte 25<\/p>\n","protected":false},"author":1,"featured_media":0,"parent":49,"menu_order":0,"comment_status":"closed","ping_status":"closed","template":"","meta":[],"_links":{"self":[{"href":"http:\/\/xn--vielstdte-02a.com\/index.php?rest_route=\/wp\/v2\/pages\/887"}],"collection":[{"href":"http:\/\/xn--vielstdte-02a.com\/index.php?rest_route=\/wp\/v2\/pages"}],"about":[{"href":"http:\/\/xn--vielstdte-02a.com\/index.php?rest_route=\/wp\/v2\/types\/page"}],"author":[{"embeddable":true,"href":"http:\/\/xn--vielstdte-02a.com\/index.php?rest_route=\/wp\/v2\/users\/1"}],"replies":[{"embeddable":true,"href":"http:\/\/xn--vielstdte-02a.com\/index.php?rest_route=%2Fwp%2Fv2%2Fcomments&post=887"}],"version-history":[{"count":3,"href":"http:\/\/xn--vielstdte-02a.com\/index.php?rest_route=\/wp\/v2\/pages\/887\/revisions"}],"predecessor-version":[{"id":1327,"href":"http:\/\/xn--vielstdte-02a.com\/index.php?rest_route=\/wp\/v2\/pages\/887\/revisions\/1327"}],"up":[{"embeddable":true,"href":"http:\/\/xn--vielstdte-02a.com\/index.php?rest_route=\/wp\/v2\/pages\/49"}],"wp:attachment":[{"href":"http:\/\/xn--vielstdte-02a.com\/index.php?rest_route=%2Fwp%2Fv2%2Fmedia&parent=887"}],"curies":[{"name":"wp","href":"https:\/\/api.w.org\/{rel}","templated":true}]}}