{"id":63,"date":"2016-01-04T20:28:08","date_gmt":"2016-01-04T19:28:08","guid":{"rendered":"http:\/\/xn--vielstdte-02a.com\/?page_id=63"},"modified":"2018-06-25T20:25:17","modified_gmt":"2018-06-25T18:25:17","slug":"bundesliga-tippspiel-20142015","status":"publish","type":"page","link":"http:\/\/xn--vielstdte-02a.com\/?page_id=63","title":{"rendered":"Bundesliga Tippspiel 2014\/2015"},"content":{"rendered":"<ol>\n<li>Daniel Roer<\/li>\n<li>Ulf Brockhoff<\/li>\n<li>Sebastian Vielst\u00e4dte<\/li>\n<li>Lars Nettelstroth<\/li>\n<li>Nils M\u00fcther<\/li>\n<li>Bastian Birkenhauer<\/li>\n<li>Sandra Leinkenjost<\/li>\n<li>Stephan Toppm\u00f6ller<\/li>\n<li>Timo Br\u00fcggemann<\/li>\n<li>Markus Tentrup<\/li>\n<li>Rainer Vielst\u00e4dte<\/li>\n<li>Stefanie Rottmann<\/li>\n<li>Nils Wrobel<\/li>\n<li>Stephan Rottkord<\/li>\n<li>Martin Henrich<\/li>\n<li>Alexander Heitmann<\/li>\n<\/ol>\n","protected":false},"excerpt":{"rendered":"<p>Daniel Roer Ulf Brockhoff Sebastian Vielst\u00e4dte Lars Nettelstroth Nils M\u00fcther Bastian Birkenhauer Sandra Leinkenjost Stephan Toppm\u00f6ller Timo Br\u00fcggemann Markus Tentrup Rainer Vielst\u00e4dte Stefanie Rottmann Nils Wrobel Stephan Rottkord Martin Henrich Alexander Heitmann<\/p>\n","protected":false},"author":1,"featured_media":0,"parent":49,"menu_order":0,"comment_status":"closed","ping_status":"closed","template":"","meta":[],"_links":{"self":[{"href":"http:\/\/xn--vielstdte-02a.com\/index.php?rest_route=\/wp\/v2\/pages\/63"}],"collection":[{"href":"http:\/\/xn--vielstdte-02a.com\/index.php?rest_route=\/wp\/v2\/pages"}],"about":[{"href":"http:\/\/xn--vielstdte-02a.com\/index.php?rest_route=\/wp\/v2\/types\/page"}],"author":[{"embeddable":true,"href":"http:\/\/xn--vielstdte-02a.com\/index.php?rest_route=\/wp\/v2\/users\/1"}],"replies":[{"embeddable":true,"href":"http:\/\/xn--vielstdte-02a.com\/index.php?rest_route=%2Fwp%2Fv2%2Fcomments&post=63"}],"version-history":[{"count":3,"href":"http:\/\/xn--vielstdte-02a.com\/index.php?rest_route=\/wp\/v2\/pages\/63\/revisions"}],"predecessor-version":[{"id":89,"href":"http:\/\/xn--vielstdte-02a.com\/index.php?rest_route=\/wp\/v2\/pages\/63\/revisions\/89"}],"up":[{"embeddable":true,"href":"http:\/\/xn--vielstdte-02a.com\/index.php?rest_route=\/wp\/v2\/pages\/49"}],"wp:attachment":[{"href":"http:\/\/xn--vielstdte-02a.com\/index.php?rest_route=%2Fwp%2Fv2%2Fmedia&parent=63"}],"curies":[{"name":"wp","href":"https:\/\/api.w.org\/{rel}","templated":true}]}}