{"id":510,"date":"2017-06-01T21:50:49","date_gmt":"2017-06-01T19:50:49","guid":{"rendered":"http:\/\/xn--vielstdte-02a.com\/?page_id=510"},"modified":"2018-06-25T20:25:33","modified_gmt":"2018-06-25T18:25:33","slug":"bundesliga-tippspiel-20162017","status":"publish","type":"page","link":"http:\/\/xn--vielstdte-02a.com\/?page_id=510","title":{"rendered":"Bundesliga Tippspiel 2016\/2017"},"content":{"rendered":"<table style=\"border-color: #ffffff;\">\n<tbody>\n<tr>\n<td><strong>Name<\/strong><\/td>\n<td style=\"text-align: center;\"><strong>Punkte<\/strong><\/td>\n<td style=\"text-align: center;\"><strong>Gewinn<\/strong><\/td>\n<\/tr>\n<tr>\n<td>Daniel Roer<\/td>\n<td style=\"text-align: center;\">250<\/td>\n<td style=\"text-align: center;\">32,50 EUR<\/td>\n<\/tr>\n<tr>\n<td>Markus Tentrup<\/td>\n<td style=\"text-align: center;\">244<\/td>\n<td style=\"text-align: center;\">19,50 EUR<\/td>\n<\/tr>\n<tr>\n<td>Dirk Stockbr\u00fcgger<\/td>\n<td style=\"text-align: center;\">236<\/td>\n<td style=\"text-align: center;\">13,00 EUR<\/td>\n<\/tr>\n<tr>\n<td>Rainer Vielst\u00e4dte<\/td>\n<td style=\"text-align: center;\">234<\/td>\n<td style=\"text-align: center;\"><\/td>\n<\/tr>\n<tr>\n<td>Timo Br\u00fcggemann<\/td>\n<td style=\"text-align: center;\">234<\/td>\n<td style=\"text-align: center;\"><\/td>\n<\/tr>\n<tr>\n<td>Sebastian Vielst\u00e4dte<\/td>\n<td style=\"text-align: center;\">226<\/td>\n<td style=\"text-align: center;\"><\/td>\n<\/tr>\n<tr>\n<td>Michael Winter<\/td>\n<td style=\"text-align: center;\">217<\/td>\n<td style=\"text-align: center;\"><\/td>\n<\/tr>\n<tr>\n<td>Janine Woltering<\/td>\n<td style=\"text-align: center;\">213<\/td>\n<td style=\"text-align: center;\"><\/td>\n<\/tr>\n<tr>\n<td>Ingrid Vielst\u00e4dte<\/td>\n<td style=\"text-align: center;\">207<\/td>\n<td style=\"text-align: center;\"><\/td>\n<\/tr>\n<tr>\n<td>Lukas Huneke<\/td>\n<td style=\"text-align: center;\">192<\/td>\n<td style=\"text-align: center;\"><\/td>\n<\/tr>\n<tr>\n<td>Lars Nettelstroth<\/td>\n<td style=\"text-align: center;\">187<\/td>\n<td style=\"text-align: center;\"><\/td>\n<\/tr>\n<tr>\n<td>Stefanie Rottmann<\/td>\n<td style=\"text-align: center;\">186<\/td>\n<td style=\"text-align: center;\"><\/td>\n<\/tr>\n<tr>\n<td>Ulf Brockhoff<\/td>\n<td style=\"text-align: center;\">176<\/td>\n<td style=\"text-align: center;\"><\/td>\n<\/tr>\n<\/tbody>\n<\/table>\n","protected":false},"excerpt":{"rendered":"<p>Name Punkte Gewinn Daniel Roer 250 32,50 EUR Markus Tentrup 244 19,50 EUR Dirk Stockbr\u00fcgger 236 13,00 EUR Rainer Vielst\u00e4dte 234 Timo Br\u00fcggemann 234 Sebastian Vielst\u00e4dte 226 Michael Winter 217 Janine Woltering 213 Ingrid Vielst\u00e4dte 207 Lukas Huneke 192 Lars Nettelstroth 187 Stefanie Rottmann 186 Ulf Brockhoff 176<\/p>\n","protected":false},"author":1,"featured_media":0,"parent":49,"menu_order":0,"comment_status":"closed","ping_status":"closed","template":"","meta":[],"_links":{"self":[{"href":"http:\/\/xn--vielstdte-02a.com\/index.php?rest_route=\/wp\/v2\/pages\/510"}],"collection":[{"href":"http:\/\/xn--vielstdte-02a.com\/index.php?rest_route=\/wp\/v2\/pages"}],"about":[{"href":"http:\/\/xn--vielstdte-02a.com\/index.php?rest_route=\/wp\/v2\/types\/page"}],"author":[{"embeddable":true,"href":"http:\/\/xn--vielstdte-02a.com\/index.php?rest_route=\/wp\/v2\/users\/1"}],"replies":[{"embeddable":true,"href":"http:\/\/xn--vielstdte-02a.com\/index.php?rest_route=%2Fwp%2Fv2%2Fcomments&post=510"}],"version-history":[{"count":2,"href":"http:\/\/xn--vielstdte-02a.com\/index.php?rest_route=\/wp\/v2\/pages\/510\/revisions"}],"predecessor-version":[{"id":512,"href":"http:\/\/xn--vielstdte-02a.com\/index.php?rest_route=\/wp\/v2\/pages\/510\/revisions\/512"}],"up":[{"embeddable":true,"href":"http:\/\/xn--vielstdte-02a.com\/index.php?rest_route=\/wp\/v2\/pages\/49"}],"wp:attachment":[{"href":"http:\/\/xn--vielstdte-02a.com\/index.php?rest_route=%2Fwp%2Fv2%2Fmedia&parent=510"}],"curies":[{"name":"wp","href":"https:\/\/api.w.org\/{rel}","templated":true}]}}