{"id":418,"date":"2016-07-11T08:10:54","date_gmt":"2016-07-11T06:10:54","guid":{"rendered":"http:\/\/xn--vielstdte-02a.com\/?page_id=418"},"modified":"2018-06-25T20:27:21","modified_gmt":"2018-06-25T18:27:21","slug":"em-tippspiel-2016-3","status":"publish","type":"page","link":"http:\/\/xn--vielstdte-02a.com\/?page_id=418","title":{"rendered":"EM Tippspiel 2016"},"content":{"rendered":"<p>1. Kevin Kiffmeier<br \/>\n2. Daniel Roer<br \/>\n2. Dirk Stockbr\u00fcgger<br \/>\n2. Sebastian Vielst\u00e4dte<br \/>\n5. Markus Tentrup<br \/>\n6. Timo Br\u00fcggemann<br \/>\n7. Ulf Brockhoff<br \/>\n8. Oliver Neuk\u00f6tter<br \/>\n9. Janine Woltering<br \/>\n10. Rainer Vielst\u00e4dte<br \/>\n10. Nadine Dalkmann<br \/>\n12. Indra Roer<br \/>\n13. Linda Hahn<br \/>\n13. Ingrid Vielst\u00e4dte<br \/>\n15. Vanessa Flamme<br \/>\n15. Reinhard Mix<br \/>\n15. Michael Winter<br \/>\n18. Bastian Birkenhauer<br \/>\n19. Andreas Haggeney<\/p>\n","protected":false},"excerpt":{"rendered":"<p>1. Kevin Kiffmeier 2. Daniel Roer 2. Dirk Stockbr\u00fcgger 2. Sebastian Vielst\u00e4dte 5. Markus Tentrup 6. Timo Br\u00fcggemann 7. Ulf Brockhoff 8. Oliver Neuk\u00f6tter 9. Janine Woltering 10. Rainer Vielst\u00e4dte 10. Nadine Dalkmann 12. Indra Roer 13. Linda Hahn 13. Ingrid Vielst\u00e4dte 15. Vanessa Flamme 15. Reinhard Mix 15. Michael Winter 18. Bastian Birkenhauer 19. Andreas Haggeney<\/p>\n","protected":false},"author":1,"featured_media":111,"parent":72,"menu_order":0,"comment_status":"closed","ping_status":"closed","template":"","meta":[],"_links":{"self":[{"href":"http:\/\/xn--vielstdte-02a.com\/index.php?rest_route=\/wp\/v2\/pages\/418"}],"collection":[{"href":"http:\/\/xn--vielstdte-02a.com\/index.php?rest_route=\/wp\/v2\/pages"}],"about":[{"href":"http:\/\/xn--vielstdte-02a.com\/index.php?rest_route=\/wp\/v2\/types\/page"}],"author":[{"embeddable":true,"href":"http:\/\/xn--vielstdte-02a.com\/index.php?rest_route=\/wp\/v2\/users\/1"}],"replies":[{"embeddable":true,"href":"http:\/\/xn--vielstdte-02a.com\/index.php?rest_route=%2Fwp%2Fv2%2Fcomments&post=418"}],"version-history":[{"count":3,"href":"http:\/\/xn--vielstdte-02a.com\/index.php?rest_route=\/wp\/v2\/pages\/418\/revisions"}],"predecessor-version":[{"id":423,"href":"http:\/\/xn--vielstdte-02a.com\/index.php?rest_route=\/wp\/v2\/pages\/418\/revisions\/423"}],"up":[{"embeddable":true,"href":"http:\/\/xn--vielstdte-02a.com\/index.php?rest_route=\/wp\/v2\/pages\/72"}],"wp:featuredmedia":[{"embeddable":true,"href":"http:\/\/xn--vielstdte-02a.com\/index.php?rest_route=\/wp\/v2\/media\/111"}],"wp:attachment":[{"href":"http:\/\/xn--vielstdte-02a.com\/index.php?rest_route=%2Fwp%2Fv2%2Fmedia&parent=418"}],"curies":[{"name":"wp","href":"https:\/\/api.w.org\/{rel}","templated":true}]}}