{"id":401,"date":"2016-06-11T16:41:52","date_gmt":"2016-06-11T14:41:52","guid":{"rendered":"http:\/\/xn--vielstdte-02a.com\/?page_id=401"},"modified":"2018-06-25T20:26:44","modified_gmt":"2018-06-25T18:26:44","slug":"em-tippspiel-2008","status":"publish","type":"page","link":"http:\/\/xn--vielstdte-02a.com\/?page_id=401","title":{"rendered":"EM Tippspiel 2008"},"content":{"rendered":"<ol>\n<li>Kevin Kiffmeier<\/li>\n<li>Pascal Will<\/li>\n<li>David Gollnick<\/li>\n<li>Markus Tentrup<\/li>\n<li>Inge Vielst\u00e4dte<\/li>\n<li>Sebastian Vielst\u00e4dte<\/li>\n<li>Bernhard Vielst\u00e4dte<\/li>\n<li>Rudolf F\u00fcchtenhans<\/li>\n<li>Daniel Roer<\/li>\n<li>Stephan Toppm\u00f6ller<\/li>\n<li>Ulf Brockhoff<\/li>\n<li>Rainer Vielst\u00e4dte<\/li>\n<li>Bastian Birkenhauer<\/li>\n<li>Nils M\u00fcther<\/li>\n<li>Sven Janssen<\/li>\n<li>Christopher Brand<\/li>\n<li>Reinhard Mix<\/li>\n<li>David Gro\u00dfe-Hagenbrock<\/li>\n<\/ol>\n","protected":false},"excerpt":{"rendered":"<p>Kevin Kiffmeier Pascal Will David Gollnick Markus Tentrup Inge Vielst\u00e4dte Sebastian Vielst\u00e4dte Bernhard Vielst\u00e4dte Rudolf F\u00fcchtenhans Daniel Roer Stephan Toppm\u00f6ller Ulf Brockhoff Rainer Vielst\u00e4dte Bastian Birkenhauer Nils M\u00fcther Sven Janssen Christopher Brand Reinhard Mix David Gro\u00dfe-Hagenbrock<\/p>\n","protected":false},"author":1,"featured_media":53,"parent":72,"menu_order":0,"comment_status":"closed","ping_status":"closed","template":"","meta":[],"_links":{"self":[{"href":"http:\/\/xn--vielstdte-02a.com\/index.php?rest_route=\/wp\/v2\/pages\/401"}],"collection":[{"href":"http:\/\/xn--vielstdte-02a.com\/index.php?rest_route=\/wp\/v2\/pages"}],"about":[{"href":"http:\/\/xn--vielstdte-02a.com\/index.php?rest_route=\/wp\/v2\/types\/page"}],"author":[{"embeddable":true,"href":"http:\/\/xn--vielstdte-02a.com\/index.php?rest_route=\/wp\/v2\/users\/1"}],"replies":[{"embeddable":true,"href":"http:\/\/xn--vielstdte-02a.com\/index.php?rest_route=%2Fwp%2Fv2%2Fcomments&post=401"}],"version-history":[{"count":1,"href":"http:\/\/xn--vielstdte-02a.com\/index.php?rest_route=\/wp\/v2\/pages\/401\/revisions"}],"predecessor-version":[{"id":402,"href":"http:\/\/xn--vielstdte-02a.com\/index.php?rest_route=\/wp\/v2\/pages\/401\/revisions\/402"}],"up":[{"embeddable":true,"href":"http:\/\/xn--vielstdte-02a.com\/index.php?rest_route=\/wp\/v2\/pages\/72"}],"wp:featuredmedia":[{"embeddable":true,"href":"http:\/\/xn--vielstdte-02a.com\/index.php?rest_route=\/wp\/v2\/media\/53"}],"wp:attachment":[{"href":"http:\/\/xn--vielstdte-02a.com\/index.php?rest_route=%2Fwp%2Fv2%2Fmedia&parent=401"}],"curies":[{"name":"wp","href":"https:\/\/api.w.org\/{rel}","templated":true}]}}