{"id":399,"date":"2016-06-11T16:29:53","date_gmt":"2016-06-11T14:29:53","guid":{"rendered":"http:\/\/xn--vielstdte-02a.com\/?page_id=399"},"modified":"2018-06-25T20:26:36","modified_gmt":"2018-06-25T18:26:36","slug":"em-tippspiel-2004","status":"publish","type":"page","link":"http:\/\/xn--vielstdte-02a.com\/?page_id=399","title":{"rendered":"EM Tippspiel 2004"},"content":{"rendered":"<ol>\n<li>Sebastian Vielst\u00e4dte<\/li>\n<li>Sebastian Thimm<\/li>\n<li>Markus Tentrup<\/li>\n<li>Sven Janssen<\/li>\n<li>Rainer Vielst\u00e4dte<\/li>\n<li>Julian Welzel<\/li>\n<li>Felix B\u00fcsing<\/li>\n<li>Manuel Meloh<\/li>\n<li>Nils M\u00fcther<\/li>\n<li>Stephan Toppm\u00f6ller<\/li>\n<li>Justus Burow<\/li>\n<li>Eduard Vdovkin<\/li>\n<li>Stephan Tentrup<\/li>\n<li>Niklas Verhoff<\/li>\n<li>Inge Vielst\u00e4dte<\/li>\n<li>Bernhard Vielst\u00e4dte<\/li>\n<li>Jonas Glaser<\/li>\n<li>Andreas Welzel<\/li>\n<li>Reinhard Mix<\/li>\n<li>Rudi F\u00fcchtenhans<\/li>\n<li>Julia Vielst\u00e4dte<\/li>\n<li>Markus Br\u00fcggemann<\/li>\n<li>Fabian Mangel<\/li>\n<li>Holger Plachky<\/li>\n<li>Ulla Mix<\/li>\n<li>Svenja Vielst\u00e4dte<\/li>\n<li>Theresa Berhorn<\/li>\n<li>Meike F\u00fcchtenhans<\/li>\n<\/ol>\n","protected":false},"excerpt":{"rendered":"<p>Sebastian Vielst\u00e4dte Sebastian Thimm Markus Tentrup Sven Janssen Rainer Vielst\u00e4dte Julian Welzel Felix B\u00fcsing Manuel Meloh Nils M\u00fcther Stephan Toppm\u00f6ller Justus Burow Eduard Vdovkin Stephan Tentrup Niklas Verhoff Inge Vielst\u00e4dte Bernhard Vielst\u00e4dte Jonas Glaser Andreas Welzel Reinhard Mix Rudi F\u00fcchtenhans Julia Vielst\u00e4dte Markus Br\u00fcggemann Fabian Mangel Holger Plachky Ulla Mix Svenja Vielst\u00e4dte Theresa Berhorn Meike F\u00fcchtenhans<\/p>\n","protected":false},"author":1,"featured_media":53,"parent":72,"menu_order":0,"comment_status":"closed","ping_status":"closed","template":"","meta":[],"_links":{"self":[{"href":"http:\/\/xn--vielstdte-02a.com\/index.php?rest_route=\/wp\/v2\/pages\/399"}],"collection":[{"href":"http:\/\/xn--vielstdte-02a.com\/index.php?rest_route=\/wp\/v2\/pages"}],"about":[{"href":"http:\/\/xn--vielstdte-02a.com\/index.php?rest_route=\/wp\/v2\/types\/page"}],"author":[{"embeddable":true,"href":"http:\/\/xn--vielstdte-02a.com\/index.php?rest_route=\/wp\/v2\/users\/1"}],"replies":[{"embeddable":true,"href":"http:\/\/xn--vielstdte-02a.com\/index.php?rest_route=%2Fwp%2Fv2%2Fcomments&post=399"}],"version-history":[{"count":1,"href":"http:\/\/xn--vielstdte-02a.com\/index.php?rest_route=\/wp\/v2\/pages\/399\/revisions"}],"predecessor-version":[{"id":400,"href":"http:\/\/xn--vielstdte-02a.com\/index.php?rest_route=\/wp\/v2\/pages\/399\/revisions\/400"}],"up":[{"embeddable":true,"href":"http:\/\/xn--vielstdte-02a.com\/index.php?rest_route=\/wp\/v2\/pages\/72"}],"wp:featuredmedia":[{"embeddable":true,"href":"http:\/\/xn--vielstdte-02a.com\/index.php?rest_route=\/wp\/v2\/media\/53"}],"wp:attachment":[{"href":"http:\/\/xn--vielstdte-02a.com\/index.php?rest_route=%2Fwp%2Fv2%2Fmedia&parent=399"}],"curies":[{"name":"wp","href":"https:\/\/api.w.org\/{rel}","templated":true}]}}