{"id":397,"date":"2016-06-11T16:21:03","date_gmt":"2016-06-11T14:21:03","guid":{"rendered":"http:\/\/xn--vielstdte-02a.com\/?page_id=397"},"modified":"2018-06-25T20:27:43","modified_gmt":"2018-06-25T18:27:43","slug":"wm-tippspiel-2006","status":"publish","type":"page","link":"http:\/\/xn--vielstdte-02a.com\/?page_id=397","title":{"rendered":"WM Tippspiel 2006"},"content":{"rendered":"<ol>\n<li>Markus Tentrup<\/li>\n<li>Felix B\u00fcsing<\/li>\n<li>Ulrich Mix<\/li>\n<li>Manuel Meloh<\/li>\n<li>Nils M\u00fcther<\/li>\n<li>Inge Vielst\u00e4dte<\/li>\n<li>Julian Welzel<\/li>\n<li>Sebastian Vielst\u00e4dte<\/li>\n<li>Sebastian Thimm<\/li>\n<li>Pascal Will<\/li>\n<li>Rainer Vielst\u00e4dte<\/li>\n<li>Richard Bargsten<\/li>\n<li>Bernhard Vielst\u00e4dte<\/li>\n<li>Bj\u00f6rn Elbracht<\/li>\n<li>Peter Frommert<\/li>\n<li>Bastian Birkenhauer<\/li>\n<li>Jeanne Venker<\/li>\n<li>Reinhard Mix<\/li>\n<li>Maximilian Mix<\/li>\n<li>Nicolas Mix<\/li>\n<li>Edgar Kleinert<\/li>\n<li>Nils M\u00fcther<\/li>\n<li>Justus Burow<\/li>\n<li>Stephan Toppm\u00f6ller<\/li>\n<li>Philipp Neumann<\/li>\n<li>Markus Toppm\u00f6ller<\/li>\n<li>Eduard Vdovkin<\/li>\n<li>Guido Ortkras<\/li>\n<\/ol>\n","protected":false},"excerpt":{"rendered":"<p>Markus Tentrup Felix B\u00fcsing Ulrich Mix Manuel Meloh Nils M\u00fcther Inge Vielst\u00e4dte Julian Welzel Sebastian Vielst\u00e4dte Sebastian Thimm Pascal Will Rainer Vielst\u00e4dte Richard Bargsten Bernhard Vielst\u00e4dte Bj\u00f6rn Elbracht Peter Frommert Bastian Birkenhauer Jeanne Venker Reinhard Mix Maximilian Mix Nicolas Mix Edgar Kleinert Nils M\u00fcther Justus Burow Stephan Toppm\u00f6ller Philipp Neumann Markus Toppm\u00f6ller Eduard Vdovkin Guido Ortkras<\/p>\n","protected":false},"author":1,"featured_media":53,"parent":72,"menu_order":0,"comment_status":"closed","ping_status":"closed","template":"","meta":[],"_links":{"self":[{"href":"http:\/\/xn--vielstdte-02a.com\/index.php?rest_route=\/wp\/v2\/pages\/397"}],"collection":[{"href":"http:\/\/xn--vielstdte-02a.com\/index.php?rest_route=\/wp\/v2\/pages"}],"about":[{"href":"http:\/\/xn--vielstdte-02a.com\/index.php?rest_route=\/wp\/v2\/types\/page"}],"author":[{"embeddable":true,"href":"http:\/\/xn--vielstdte-02a.com\/index.php?rest_route=\/wp\/v2\/users\/1"}],"replies":[{"embeddable":true,"href":"http:\/\/xn--vielstdte-02a.com\/index.php?rest_route=%2Fwp%2Fv2%2Fcomments&post=397"}],"version-history":[{"count":1,"href":"http:\/\/xn--vielstdte-02a.com\/index.php?rest_route=\/wp\/v2\/pages\/397\/revisions"}],"predecessor-version":[{"id":398,"href":"http:\/\/xn--vielstdte-02a.com\/index.php?rest_route=\/wp\/v2\/pages\/397\/revisions\/398"}],"up":[{"embeddable":true,"href":"http:\/\/xn--vielstdte-02a.com\/index.php?rest_route=\/wp\/v2\/pages\/72"}],"wp:featuredmedia":[{"embeddable":true,"href":"http:\/\/xn--vielstdte-02a.com\/index.php?rest_route=\/wp\/v2\/media\/53"}],"wp:attachment":[{"href":"http:\/\/xn--vielstdte-02a.com\/index.php?rest_route=%2Fwp%2Fv2%2Fmedia&parent=397"}],"curies":[{"name":"wp","href":"https:\/\/api.w.org\/{rel}","templated":true}]}}