{"id":385,"date":"2016-06-10T23:38:03","date_gmt":"2016-06-10T21:38:03","guid":{"rendered":"http:\/\/xn--vielstdte-02a.com\/?page_id=385"},"modified":"2018-06-25T20:31:26","modified_gmt":"2018-06-25T18:31:26","slug":"bundesliga-tippspiel-20042005","status":"publish","type":"page","link":"http:\/\/xn--vielstdte-02a.com\/?page_id=385","title":{"rendered":"Bundesliga Tippspiel 2004\/2005"},"content":{"rendered":"<ol>\n<li>Sebastian Vielst\u00e4dte<\/li>\n<li>Stephan Toppm\u00f6ller<\/li>\n<li>Rainer Vielst\u00e4dte<\/li>\n<li>Markus Tentrup<\/li>\n<li>Inge Vielst\u00e4dte<\/li>\n<li>Reinhard Mix<\/li>\n<li>Michael Mix<\/li>\n<li>Ulla Mix<\/li>\n<li>Bernhard Vielst\u00e4dte<\/li>\n<li>Felix B\u00fcsing<\/li>\n<li>Manuel Meloh<\/li>\n<li>Guido Ortkras<\/li>\n<li>Sebastian Thimm<\/li>\n<li>Anke Z\u00fchlke<\/li>\n<\/ol>\n","protected":false},"excerpt":{"rendered":"<p>Sebastian Vielst\u00e4dte Stephan Toppm\u00f6ller Rainer Vielst\u00e4dte Markus Tentrup Inge Vielst\u00e4dte Reinhard Mix Michael Mix Ulla Mix Bernhard Vielst\u00e4dte Felix B\u00fcsing Manuel Meloh Guido Ortkras Sebastian Thimm Anke Z\u00fchlke<\/p>\n","protected":false},"author":1,"featured_media":0,"parent":49,"menu_order":0,"comment_status":"closed","ping_status":"closed","template":"","meta":[],"_links":{"self":[{"href":"http:\/\/xn--vielstdte-02a.com\/index.php?rest_route=\/wp\/v2\/pages\/385"}],"collection":[{"href":"http:\/\/xn--vielstdte-02a.com\/index.php?rest_route=\/wp\/v2\/pages"}],"about":[{"href":"http:\/\/xn--vielstdte-02a.com\/index.php?rest_route=\/wp\/v2\/types\/page"}],"author":[{"embeddable":true,"href":"http:\/\/xn--vielstdte-02a.com\/index.php?rest_route=\/wp\/v2\/users\/1"}],"replies":[{"embeddable":true,"href":"http:\/\/xn--vielstdte-02a.com\/index.php?rest_route=%2Fwp%2Fv2%2Fcomments&post=385"}],"version-history":[{"count":2,"href":"http:\/\/xn--vielstdte-02a.com\/index.php?rest_route=\/wp\/v2\/pages\/385\/revisions"}],"predecessor-version":[{"id":387,"href":"http:\/\/xn--vielstdte-02a.com\/index.php?rest_route=\/wp\/v2\/pages\/385\/revisions\/387"}],"up":[{"embeddable":true,"href":"http:\/\/xn--vielstdte-02a.com\/index.php?rest_route=\/wp\/v2\/pages\/49"}],"wp:attachment":[{"href":"http:\/\/xn--vielstdte-02a.com\/index.php?rest_route=%2Fwp%2Fv2%2Fmedia&parent=385"}],"curies":[{"name":"wp","href":"https:\/\/api.w.org\/{rel}","templated":true}]}}