{"id":383,"date":"2016-06-10T23:37:16","date_gmt":"2016-06-10T21:37:16","guid":{"rendered":"http:\/\/xn--vielstdte-02a.com\/?page_id=383"},"modified":"2018-06-25T20:23:05","modified_gmt":"2018-06-25T18:23:05","slug":"bundesliga-tippspiel-20052006","status":"publish","type":"page","link":"http:\/\/xn--vielstdte-02a.com\/?page_id=383","title":{"rendered":"Bundesliga Tippspiel 2005\/2006"},"content":{"rendered":"<ol>\n<li>Markus Tentrup<\/li>\n<li>Ulrich Mix<\/li>\n<li>Inge Vielst\u00e4dte<\/li>\n<li>Sebastian Vielst\u00e4dte<\/li>\n<li>Rainer Vielst\u00e4dte<\/li>\n<li>Bernhard Vielst\u00e4dte<\/li>\n<li>Sebastian Thimm<\/li>\n<li>Rudolf F\u00fcchtenhans<\/li>\n<li>Markus Toppm\u00f6ller<\/li>\n<li>Nicolas Mix<\/li>\n<li>Meike F\u00fcchtenhans<\/li>\n<li>Peter Frommert<\/li>\n<li>Stephan Toppm\u00f6ller<\/li>\n<li>Stephan Toppm\u00f6ller<\/li>\n<li>Julian Welzel<\/li>\n<li>Reinhard Mix<\/li>\n<li>Svenja Vielst\u00e4dte<\/li>\n<li>Felix B\u00fcsing<\/li>\n<li>Matthias Pollmeyer<\/li>\n<li>Andr\u00e9 Baxheinrich<\/li>\n<li>Alexander Br\u00fcggemann<\/li>\n<li>Pascal Will<\/li>\n<li>Matthias Ebbersmeier<\/li>\n<li>Jacob Liedtke<\/li>\n<li>Johannes Keyserlingk<\/li>\n<\/ol>\n","protected":false},"excerpt":{"rendered":"<p>Markus Tentrup Ulrich Mix Inge Vielst\u00e4dte Sebastian Vielst\u00e4dte Rainer Vielst\u00e4dte Bernhard Vielst\u00e4dte Sebastian Thimm Rudolf F\u00fcchtenhans Markus Toppm\u00f6ller Nicolas Mix Meike F\u00fcchtenhans Peter Frommert Stephan Toppm\u00f6ller Stephan Toppm\u00f6ller Julian Welzel Reinhard Mix Svenja Vielst\u00e4dte Felix B\u00fcsing Matthias Pollmeyer Andr\u00e9 Baxheinrich Alexander Br\u00fcggemann Pascal Will Matthias Ebbersmeier Jacob Liedtke Johannes Keyserlingk<\/p>\n","protected":false},"author":1,"featured_media":0,"parent":49,"menu_order":0,"comment_status":"closed","ping_status":"closed","template":"","meta":[],"_links":{"self":[{"href":"http:\/\/xn--vielstdte-02a.com\/index.php?rest_route=\/wp\/v2\/pages\/383"}],"collection":[{"href":"http:\/\/xn--vielstdte-02a.com\/index.php?rest_route=\/wp\/v2\/pages"}],"about":[{"href":"http:\/\/xn--vielstdte-02a.com\/index.php?rest_route=\/wp\/v2\/types\/page"}],"author":[{"embeddable":true,"href":"http:\/\/xn--vielstdte-02a.com\/index.php?rest_route=\/wp\/v2\/users\/1"}],"replies":[{"embeddable":true,"href":"http:\/\/xn--vielstdte-02a.com\/index.php?rest_route=%2Fwp%2Fv2%2Fcomments&post=383"}],"version-history":[{"count":1,"href":"http:\/\/xn--vielstdte-02a.com\/index.php?rest_route=\/wp\/v2\/pages\/383\/revisions"}],"predecessor-version":[{"id":384,"href":"http:\/\/xn--vielstdte-02a.com\/index.php?rest_route=\/wp\/v2\/pages\/383\/revisions\/384"}],"up":[{"embeddable":true,"href":"http:\/\/xn--vielstdte-02a.com\/index.php?rest_route=\/wp\/v2\/pages\/49"}],"wp:attachment":[{"href":"http:\/\/xn--vielstdte-02a.com\/index.php?rest_route=%2Fwp%2Fv2%2Fmedia&parent=383"}],"curies":[{"name":"wp","href":"https:\/\/api.w.org\/{rel}","templated":true}]}}