{"id":381,"date":"2016-06-10T23:35:20","date_gmt":"2016-06-10T21:35:20","guid":{"rendered":"http:\/\/xn--vielstdte-02a.com\/?page_id=381"},"modified":"2018-06-25T20:23:14","modified_gmt":"2018-06-25T18:23:14","slug":"bundesliga-tippspiel-20062007","status":"publish","type":"page","link":"http:\/\/xn--vielstdte-02a.com\/?page_id=381","title":{"rendered":"Bundesliga Tippspiel 2006\/2007"},"content":{"rendered":"<ol>\n<li>Sebastian Vielst\u00e4dte<\/li>\n<li>Meike F\u00fcchtenhans<\/li>\n<li>Stephan Toppm\u00f6ller<\/li>\n<li>Ulf Brockhoff<\/li>\n<li>Ulrich Mix<\/li>\n<li>Nicolas Mix<\/li>\n<li>Rainer Vielst\u00e4dte<\/li>\n<li>Markus Tentrup<\/li>\n<li>Julian Welzel<\/li>\n<li>Andre Hankemeier<\/li>\n<li>Reinhard Mix<\/li>\n<li>Inge Vielst\u00e4dte<\/li>\n<li>Bernhard Vielst\u00e4dte<\/li>\n<li>Bastian Birkenhauer<\/li>\n<li>Peter Frommert<\/li>\n<li>Rudolf F\u00fcchtenhans<\/li>\n<li>Felix B\u00fcsing<\/li>\n<li>Stephan Toppm\u00f6ller<\/li>\n<li>Sebastian Thimm<\/li>\n<li>Pascal Will<\/li>\n<li>Markus Toppm\u00f6ller<\/li>\n<li>Jacob Liedtke<\/li>\n<\/ol>\n","protected":false},"excerpt":{"rendered":"<p>Sebastian Vielst\u00e4dte Meike F\u00fcchtenhans Stephan Toppm\u00f6ller Ulf Brockhoff Ulrich Mix Nicolas Mix Rainer Vielst\u00e4dte Markus Tentrup Julian Welzel Andre Hankemeier Reinhard Mix Inge Vielst\u00e4dte Bernhard Vielst\u00e4dte Bastian Birkenhauer Peter Frommert Rudolf F\u00fcchtenhans Felix B\u00fcsing Stephan Toppm\u00f6ller Sebastian Thimm Pascal Will Markus Toppm\u00f6ller Jacob Liedtke<\/p>\n","protected":false},"author":1,"featured_media":0,"parent":49,"menu_order":0,"comment_status":"closed","ping_status":"closed","template":"","meta":[],"_links":{"self":[{"href":"http:\/\/xn--vielstdte-02a.com\/index.php?rest_route=\/wp\/v2\/pages\/381"}],"collection":[{"href":"http:\/\/xn--vielstdte-02a.com\/index.php?rest_route=\/wp\/v2\/pages"}],"about":[{"href":"http:\/\/xn--vielstdte-02a.com\/index.php?rest_route=\/wp\/v2\/types\/page"}],"author":[{"embeddable":true,"href":"http:\/\/xn--vielstdte-02a.com\/index.php?rest_route=\/wp\/v2\/users\/1"}],"replies":[{"embeddable":true,"href":"http:\/\/xn--vielstdte-02a.com\/index.php?rest_route=%2Fwp%2Fv2%2Fcomments&post=381"}],"version-history":[{"count":1,"href":"http:\/\/xn--vielstdte-02a.com\/index.php?rest_route=\/wp\/v2\/pages\/381\/revisions"}],"predecessor-version":[{"id":382,"href":"http:\/\/xn--vielstdte-02a.com\/index.php?rest_route=\/wp\/v2\/pages\/381\/revisions\/382"}],"up":[{"embeddable":true,"href":"http:\/\/xn--vielstdte-02a.com\/index.php?rest_route=\/wp\/v2\/pages\/49"}],"wp:attachment":[{"href":"http:\/\/xn--vielstdte-02a.com\/index.php?rest_route=%2Fwp%2Fv2%2Fmedia&parent=381"}],"curies":[{"name":"wp","href":"https:\/\/api.w.org\/{rel}","templated":true}]}}