{"id":378,"date":"2016-06-10T23:31:15","date_gmt":"2016-06-10T21:31:15","guid":{"rendered":"http:\/\/xn--vielstdte-02a.com\/?page_id=378"},"modified":"2018-06-25T20:23:22","modified_gmt":"2018-06-25T18:23:22","slug":"bundesliga-tippspiel-20072008","status":"publish","type":"page","link":"http:\/\/xn--vielstdte-02a.com\/?page_id=378","title":{"rendered":"Bundesliga Tippspiel 2007\/2008"},"content":{"rendered":"<ol>\n<li>Ulf Brockhoff<\/li>\n<li>Bernhard Vielst\u00e4dte<\/li>\n<li>Rainer Vielst\u00e4dte<\/li>\n<li>Sebastian Vielst\u00e4dte<\/li>\n<li>Reinhard Mix<\/li>\n<li>Nicolas Mix<\/li>\n<li>Andre Hankemeier<\/li>\n<li>Markus Tentrup<\/li>\n<li>Inge Vielst\u00e4dte<\/li>\n<li>Julian Welzel<\/li>\n<li>Ulrich Mix<\/li>\n<li>Rudolf F\u00fcchtenhans<\/li>\n<li>Stephan Toppm\u00f6ller<\/li>\n<li>Matthias Pollmeyer<\/li>\n<li>Felix B\u00fcsing<\/li>\n<li>Nils M\u00fcther<\/li>\n<li>Bastian Birkenhauer<\/li>\n<li>Hendrik Heising<\/li>\n<li>Sebastian Thimm<\/li>\n<\/ol>\n","protected":false},"excerpt":{"rendered":"<p>Ulf Brockhoff Bernhard Vielst\u00e4dte Rainer Vielst\u00e4dte Sebastian Vielst\u00e4dte Reinhard Mix Nicolas Mix Andre Hankemeier Markus Tentrup Inge Vielst\u00e4dte Julian Welzel Ulrich Mix Rudolf F\u00fcchtenhans Stephan Toppm\u00f6ller Matthias Pollmeyer Felix B\u00fcsing Nils M\u00fcther Bastian Birkenhauer Hendrik Heising Sebastian Thimm<\/p>\n","protected":false},"author":1,"featured_media":0,"parent":49,"menu_order":0,"comment_status":"closed","ping_status":"closed","template":"","meta":[],"_links":{"self":[{"href":"http:\/\/xn--vielstdte-02a.com\/index.php?rest_route=\/wp\/v2\/pages\/378"}],"collection":[{"href":"http:\/\/xn--vielstdte-02a.com\/index.php?rest_route=\/wp\/v2\/pages"}],"about":[{"href":"http:\/\/xn--vielstdte-02a.com\/index.php?rest_route=\/wp\/v2\/types\/page"}],"author":[{"embeddable":true,"href":"http:\/\/xn--vielstdte-02a.com\/index.php?rest_route=\/wp\/v2\/users\/1"}],"replies":[{"embeddable":true,"href":"http:\/\/xn--vielstdte-02a.com\/index.php?rest_route=%2Fwp%2Fv2%2Fcomments&post=378"}],"version-history":[{"count":1,"href":"http:\/\/xn--vielstdte-02a.com\/index.php?rest_route=\/wp\/v2\/pages\/378\/revisions"}],"predecessor-version":[{"id":379,"href":"http:\/\/xn--vielstdte-02a.com\/index.php?rest_route=\/wp\/v2\/pages\/378\/revisions\/379"}],"up":[{"embeddable":true,"href":"http:\/\/xn--vielstdte-02a.com\/index.php?rest_route=\/wp\/v2\/pages\/49"}],"wp:attachment":[{"href":"http:\/\/xn--vielstdte-02a.com\/index.php?rest_route=%2Fwp%2Fv2%2Fmedia&parent=378"}],"curies":[{"name":"wp","href":"https:\/\/api.w.org\/{rel}","templated":true}]}}