{"id":376,"date":"2016-06-10T23:29:25","date_gmt":"2016-06-10T21:29:25","guid":{"rendered":"http:\/\/xn--vielstdte-02a.com\/?page_id=376"},"modified":"2018-06-25T20:24:03","modified_gmt":"2018-06-25T18:24:03","slug":"bundesliga-tippspiel-20082009","status":"publish","type":"page","link":"http:\/\/xn--vielstdte-02a.com\/?page_id=376","title":{"rendered":"Bundesliga Tippspiel 2008\/2009"},"content":{"rendered":"<ol>\n<li>Daniel Roer<\/li>\n<li>Maximilian Mix<\/li>\n<li>Ulf Brockhoff<\/li>\n<li>Ulrich Mix<\/li>\n<li>Sebastian Vielst\u00e4dte<\/li>\n<li>Rainer Vielst\u00e4dte<\/li>\n<li>Nicolas Mix<\/li>\n<li>Pascal Will<\/li>\n<li>Reinhard Mix<\/li>\n<li>Markus Tentrup<\/li>\n<li>Bernhard Vielst\u00e4dte<\/li>\n<li>Tobias Peternathe<\/li>\n<li>Inge Vielst\u00e4dte<\/li>\n<li>Andre Hankemeier<\/li>\n<li>Sebastian Thimm<\/li>\n<li>Bastian Birkenhauer<\/li>\n<li>David Gro\u00dfe-Hagenbrock<\/li>\n<\/ol>\n","protected":false},"excerpt":{"rendered":"<p>Daniel Roer Maximilian Mix Ulf Brockhoff Ulrich Mix Sebastian Vielst\u00e4dte Rainer Vielst\u00e4dte Nicolas Mix Pascal Will Reinhard Mix Markus Tentrup Bernhard Vielst\u00e4dte Tobias Peternathe Inge Vielst\u00e4dte Andre Hankemeier Sebastian Thimm Bastian Birkenhauer David Gro\u00dfe-Hagenbrock<\/p>\n","protected":false},"author":1,"featured_media":0,"parent":49,"menu_order":0,"comment_status":"closed","ping_status":"closed","template":"","meta":[],"_links":{"self":[{"href":"http:\/\/xn--vielstdte-02a.com\/index.php?rest_route=\/wp\/v2\/pages\/376"}],"collection":[{"href":"http:\/\/xn--vielstdte-02a.com\/index.php?rest_route=\/wp\/v2\/pages"}],"about":[{"href":"http:\/\/xn--vielstdte-02a.com\/index.php?rest_route=\/wp\/v2\/types\/page"}],"author":[{"embeddable":true,"href":"http:\/\/xn--vielstdte-02a.com\/index.php?rest_route=\/wp\/v2\/users\/1"}],"replies":[{"embeddable":true,"href":"http:\/\/xn--vielstdte-02a.com\/index.php?rest_route=%2Fwp%2Fv2%2Fcomments&post=376"}],"version-history":[{"count":1,"href":"http:\/\/xn--vielstdte-02a.com\/index.php?rest_route=\/wp\/v2\/pages\/376\/revisions"}],"predecessor-version":[{"id":377,"href":"http:\/\/xn--vielstdte-02a.com\/index.php?rest_route=\/wp\/v2\/pages\/376\/revisions\/377"}],"up":[{"embeddable":true,"href":"http:\/\/xn--vielstdte-02a.com\/index.php?rest_route=\/wp\/v2\/pages\/49"}],"wp:attachment":[{"href":"http:\/\/xn--vielstdte-02a.com\/index.php?rest_route=%2Fwp%2Fv2%2Fmedia&parent=376"}],"curies":[{"name":"wp","href":"https:\/\/api.w.org\/{rel}","templated":true}]}}