{"id":373,"date":"2016-06-10T23:26:01","date_gmt":"2016-06-10T21:26:01","guid":{"rendered":"http:\/\/xn--vielstdte-02a.com\/?page_id=373"},"modified":"2018-06-25T20:24:12","modified_gmt":"2018-06-25T18:24:12","slug":"bundesliga-tippspiel-20092010","status":"publish","type":"page","link":"http:\/\/xn--vielstdte-02a.com\/?page_id=373","title":{"rendered":"Bundesliga Tippspiel 2009\/2010"},"content":{"rendered":"<ol>\n<li>Timo Br\u00fcggemann<\/li>\n<li>Ulrich Mix<\/li>\n<li>Daniel Roer<\/li>\n<li>Sebastian Vielst\u00e4dte<\/li>\n<li>Pascal Will<\/li>\n<li>Markus Tentrup<\/li>\n<li>Bastian Birkenhauer<\/li>\n<li>Rainer Vielst\u00e4dte<\/li>\n<li>Ulf Brockhoff<\/li>\n<li>Inge Vielst\u00e4dte<\/li>\n<li>Ren\u00e9 Keitemeier<\/li>\n<li>Maximilian Mix<\/li>\n<li>Bernhard Vielst\u00e4dte<\/li>\n<li>Nicolas Mix<\/li>\n<li>Tobias Peternathe<\/li>\n<li>Reinhard Mix<\/li>\n<li>Hendrik Buddenb\u00e4umer<\/li>\n<\/ol>\n","protected":false},"excerpt":{"rendered":"<p>Timo Br\u00fcggemann Ulrich Mix Daniel Roer Sebastian Vielst\u00e4dte Pascal Will Markus Tentrup Bastian Birkenhauer Rainer Vielst\u00e4dte Ulf Brockhoff Inge Vielst\u00e4dte Ren\u00e9 Keitemeier Maximilian Mix Bernhard Vielst\u00e4dte Nicolas Mix Tobias Peternathe Reinhard Mix Hendrik Buddenb\u00e4umer<\/p>\n","protected":false},"author":1,"featured_media":0,"parent":49,"menu_order":0,"comment_status":"closed","ping_status":"closed","template":"","meta":[],"_links":{"self":[{"href":"http:\/\/xn--vielstdte-02a.com\/index.php?rest_route=\/wp\/v2\/pages\/373"}],"collection":[{"href":"http:\/\/xn--vielstdte-02a.com\/index.php?rest_route=\/wp\/v2\/pages"}],"about":[{"href":"http:\/\/xn--vielstdte-02a.com\/index.php?rest_route=\/wp\/v2\/types\/page"}],"author":[{"embeddable":true,"href":"http:\/\/xn--vielstdte-02a.com\/index.php?rest_route=\/wp\/v2\/users\/1"}],"replies":[{"embeddable":true,"href":"http:\/\/xn--vielstdte-02a.com\/index.php?rest_route=%2Fwp%2Fv2%2Fcomments&post=373"}],"version-history":[{"count":2,"href":"http:\/\/xn--vielstdte-02a.com\/index.php?rest_route=\/wp\/v2\/pages\/373\/revisions"}],"predecessor-version":[{"id":375,"href":"http:\/\/xn--vielstdte-02a.com\/index.php?rest_route=\/wp\/v2\/pages\/373\/revisions\/375"}],"up":[{"embeddable":true,"href":"http:\/\/xn--vielstdte-02a.com\/index.php?rest_route=\/wp\/v2\/pages\/49"}],"wp:attachment":[{"href":"http:\/\/xn--vielstdte-02a.com\/index.php?rest_route=%2Fwp%2Fv2%2Fmedia&parent=373"}],"curies":[{"name":"wp","href":"https:\/\/api.w.org\/{rel}","templated":true}]}}