{"id":371,"date":"2016-06-10T23:23:57","date_gmt":"2016-06-10T21:23:57","guid":{"rendered":"http:\/\/xn--vielstdte-02a.com\/?page_id=371"},"modified":"2018-06-25T20:24:20","modified_gmt":"2018-06-25T18:24:20","slug":"bundesliga-tippspiel-20102011","status":"publish","type":"page","link":"http:\/\/xn--vielstdte-02a.com\/?page_id=371","title":{"rendered":"Bundesliga Tippspiel 2010\/2011"},"content":{"rendered":"<ol>\n<li>Markus Tentrup<\/li>\n<li>Sebastian Vielst\u00e4dte<\/li>\n<li>Ren\u00e9 Keitemeier<\/li>\n<li>Maximilian Mix<\/li>\n<li>Rainer Vielst\u00e4dte<\/li>\n<li>Ulrich Mix<\/li>\n<li>Nicolas Mix<\/li>\n<li>Timo Br\u00fcggemann<\/li>\n<li>Bernhard Vielst\u00e4dte<\/li>\n<li>Ulf Brockhoff<\/li>\n<li>Inge Vielst\u00e4dte<\/li>\n<li>Frederik Rickel<\/li>\n<li>Alexander Heitmann<\/li>\n<li>Stefanie Rottmann<\/li>\n<li>Daniel Roer<\/li>\n<li>Stephan Toppm\u00f6ller<\/li>\n<li>Matthias Pollmeyer<\/li>\n<li>Mario Hanfgarn<\/li>\n<li>Bastian Birkenhauer<\/li>\n<\/ol>\n","protected":false},"excerpt":{"rendered":"<p>Markus Tentrup Sebastian Vielst\u00e4dte Ren\u00e9 Keitemeier Maximilian Mix Rainer Vielst\u00e4dte Ulrich Mix Nicolas Mix Timo Br\u00fcggemann Bernhard Vielst\u00e4dte Ulf Brockhoff Inge Vielst\u00e4dte Frederik Rickel Alexander Heitmann Stefanie Rottmann Daniel Roer Stephan Toppm\u00f6ller Matthias Pollmeyer Mario Hanfgarn Bastian Birkenhauer<\/p>\n","protected":false},"author":1,"featured_media":0,"parent":49,"menu_order":0,"comment_status":"closed","ping_status":"closed","template":"","meta":[],"_links":{"self":[{"href":"http:\/\/xn--vielstdte-02a.com\/index.php?rest_route=\/wp\/v2\/pages\/371"}],"collection":[{"href":"http:\/\/xn--vielstdte-02a.com\/index.php?rest_route=\/wp\/v2\/pages"}],"about":[{"href":"http:\/\/xn--vielstdte-02a.com\/index.php?rest_route=\/wp\/v2\/types\/page"}],"author":[{"embeddable":true,"href":"http:\/\/xn--vielstdte-02a.com\/index.php?rest_route=\/wp\/v2\/users\/1"}],"replies":[{"embeddable":true,"href":"http:\/\/xn--vielstdte-02a.com\/index.php?rest_route=%2Fwp%2Fv2%2Fcomments&post=371"}],"version-history":[{"count":1,"href":"http:\/\/xn--vielstdte-02a.com\/index.php?rest_route=\/wp\/v2\/pages\/371\/revisions"}],"predecessor-version":[{"id":372,"href":"http:\/\/xn--vielstdte-02a.com\/index.php?rest_route=\/wp\/v2\/pages\/371\/revisions\/372"}],"up":[{"embeddable":true,"href":"http:\/\/xn--vielstdte-02a.com\/index.php?rest_route=\/wp\/v2\/pages\/49"}],"wp:attachment":[{"href":"http:\/\/xn--vielstdte-02a.com\/index.php?rest_route=%2Fwp%2Fv2%2Fmedia&parent=371"}],"curies":[{"name":"wp","href":"https:\/\/api.w.org\/{rel}","templated":true}]}}