{"id":311,"date":"2016-05-14T20:55:44","date_gmt":"2016-05-14T18:55:44","guid":{"rendered":"http:\/\/xn--vielstdte-02a.com\/?page_id=311"},"modified":"2018-06-25T20:25:25","modified_gmt":"2018-06-25T18:25:25","slug":"bundesliga-tippspiel-20152016","status":"publish","type":"page","link":"http:\/\/xn--vielstdte-02a.com\/?page_id=311","title":{"rendered":"Bundesliga Tippspiel 2015\/2016"},"content":{"rendered":"<table style=\"border-color: #ffffff;\">\n<tbody>\n<tr>\n<td><strong>Name<\/strong><\/td>\n<td style=\"text-align: center;\"><strong>Punkte<\/strong><\/td>\n<td style=\"text-align: center;\"><strong>Gewinn<\/strong><\/td>\n<\/tr>\n<tr>\n<td>Timo Br\u00fcggemann<\/td>\n<td style=\"text-align: center;\">255<\/td>\n<td style=\"text-align: center;\">32 EUR<\/td>\n<\/tr>\n<tr>\n<td>Dirk Stockbr\u00fcgger<\/td>\n<td style=\"text-align: center;\">254<\/td>\n<td style=\"text-align: center;\">24 EUR<\/td>\n<\/tr>\n<tr>\n<td>Ulf Brockhoff<\/td>\n<td style=\"text-align: center;\">247<\/td>\n<td style=\"text-align: center;\">16 EUR<\/td>\n<\/tr>\n<tr>\n<td>Daniel Roer<\/td>\n<td style=\"text-align: center;\">245<\/td>\n<td style=\"text-align: center;\"><\/td>\n<\/tr>\n<tr>\n<td>Sebastian Vielst\u00e4dte<\/td>\n<td style=\"text-align: center;\">243<\/td>\n<td style=\"text-align: center;\"><\/td>\n<\/tr>\n<tr>\n<td>Markus Tentrup<\/td>\n<td style=\"text-align: center;\">238<\/td>\n<td style=\"text-align: center;\"><\/td>\n<\/tr>\n<tr>\n<td>Stephan Toppm\u00f6ller<\/td>\n<td style=\"text-align: center;\">232<\/td>\n<td style=\"text-align: center;\"><\/td>\n<\/tr>\n<tr>\n<td>Andreas Haggeney<\/td>\n<td style=\"text-align: center;\">231<\/td>\n<td style=\"text-align: center;\"><\/td>\n<\/tr>\n<tr>\n<td>Lars Nettelstroth<\/td>\n<td style=\"text-align: center;\">217<\/td>\n<td style=\"text-align: center;\"><\/td>\n<\/tr>\n<tr>\n<td>Stephanie Rottmann<\/td>\n<td style=\"text-align: center;\">212<\/td>\n<td style=\"text-align: center;\"><\/td>\n<\/tr>\n<tr>\n<td>Bastian Birkenhauer<\/td>\n<td style=\"text-align: center;\">203<\/td>\n<td style=\"text-align: center;\"><\/td>\n<\/tr>\n<tr>\n<td>Frederik Rickel<\/td>\n<td style=\"text-align: center;\">167<\/td>\n<td style=\"text-align: center;\"><\/td>\n<\/tr>\n<tr>\n<td>Julian Welzel<\/td>\n<td style=\"text-align: center;\">158<\/td>\n<td style=\"text-align: center;\"><\/td>\n<\/tr>\n<tr>\n<td>Oliver Neuk\u00f6tter<\/td>\n<td style=\"text-align: center;\">142<\/td>\n<td style=\"text-align: center;\">8 EUR<\/td>\n<\/tr>\n<tr>\n<td>Felix B\u00fcsing<\/td>\n<td style=\"text-align: center;\">128<\/td>\n<td style=\"text-align: center;\"><\/td>\n<\/tr>\n<tr>\n<td>Rainer Vielst\u00e4dte<\/td>\n<td style=\"text-align: center;\">91<\/td>\n<td style=\"text-align: center;\"><\/td>\n<\/tr>\n<\/tbody>\n<\/table>\n","protected":false},"excerpt":{"rendered":"<p>Name Punkte Gewinn Timo Br\u00fcggemann 255 32 EUR Dirk Stockbr\u00fcgger 254 24 EUR Ulf Brockhoff 247 16 EUR Daniel Roer 245 Sebastian Vielst\u00e4dte 243 Markus Tentrup 238 Stephan Toppm\u00f6ller 232 Andreas Haggeney 231 Lars Nettelstroth 217 Stephanie Rottmann 212 Bastian Birkenhauer 203 Frederik Rickel 167 Julian Welzel 158 Oliver Neuk\u00f6tter 142 8 EUR Felix B\u00fcsing 128 Rainer Vielst\u00e4dte 91<\/p>\n","protected":false},"author":1,"featured_media":0,"parent":49,"menu_order":0,"comment_status":"closed","ping_status":"closed","template":"","meta":[],"_links":{"self":[{"href":"http:\/\/xn--vielstdte-02a.com\/index.php?rest_route=\/wp\/v2\/pages\/311"}],"collection":[{"href":"http:\/\/xn--vielstdte-02a.com\/index.php?rest_route=\/wp\/v2\/pages"}],"about":[{"href":"http:\/\/xn--vielstdte-02a.com\/index.php?rest_route=\/wp\/v2\/types\/page"}],"author":[{"embeddable":true,"href":"http:\/\/xn--vielstdte-02a.com\/index.php?rest_route=\/wp\/v2\/users\/1"}],"replies":[{"embeddable":true,"href":"http:\/\/xn--vielstdte-02a.com\/index.php?rest_route=%2Fwp%2Fv2%2Fcomments&post=311"}],"version-history":[{"count":16,"href":"http:\/\/xn--vielstdte-02a.com\/index.php?rest_route=\/wp\/v2\/pages\/311\/revisions"}],"predecessor-version":[{"id":362,"href":"http:\/\/xn--vielstdte-02a.com\/index.php?rest_route=\/wp\/v2\/pages\/311\/revisions\/362"}],"up":[{"embeddable":true,"href":"http:\/\/xn--vielstdte-02a.com\/index.php?rest_route=\/wp\/v2\/pages\/49"}],"wp:attachment":[{"href":"http:\/\/xn--vielstdte-02a.com\/index.php?rest_route=%2Fwp%2Fv2%2Fmedia&parent=311"}],"curies":[{"name":"wp","href":"https:\/\/api.w.org\/{rel}","templated":true}]}}