{"id":29,"date":"2015-12-30T14:48:38","date_gmt":"2015-12-30T13:48:38","guid":{"rendered":"http:\/\/xn--vielstdte-02a.com\/?page_id=29"},"modified":"2018-06-25T20:24:55","modified_gmt":"2018-06-25T18:24:55","slug":"bundesliga-tippspiel-20122013","status":"publish","type":"page","link":"http:\/\/xn--vielstdte-02a.com\/?page_id=29","title":{"rendered":"Bundesliga Tippspiel 2012\/2013"},"content":{"rendered":"<ol>\n<li>Sebastian Vielst\u00e4dte<\/li>\n<li>Dennis Nahrmann<\/li>\n<li>Daniel Roer<\/li>\n<li>Stephan Toppm\u00f6ller<\/li>\n<li>Michael Winter<\/li>\n<li>Stefanie Rottmann<\/li>\n<li>Timo Br\u00fcggemann<\/li>\n<li>Ulf Brockhoff<\/li>\n<li>Dirk Stockbr\u00fcgger<\/li>\n<li>Rainer Vielst\u00e4dte<\/li>\n<li>Lars Nettelstroth<\/li>\n<li>Markus Tentrup<\/li>\n<li>Albert Zimmermann<\/li>\n<li>Alexander Heitmann<\/li>\n<li>Josef Behrens<\/li>\n<li>Reinhard Nickel<\/li>\n<li>Peter Frommert<\/li>\n<li>Inge Vielst\u00e4dte<\/li>\n<li>Bernhard Vielst\u00e4dte<\/li>\n<\/ol>\n","protected":false},"excerpt":{"rendered":"<p>Sebastian Vielst\u00e4dte Dennis Nahrmann Daniel Roer Stephan Toppm\u00f6ller Michael Winter Stefanie Rottmann Timo Br\u00fcggemann Ulf Brockhoff Dirk Stockbr\u00fcgger Rainer Vielst\u00e4dte Lars Nettelstroth Markus Tentrup Albert Zimmermann Alexander Heitmann Josef Behrens Reinhard Nickel Peter Frommert Inge Vielst\u00e4dte Bernhard Vielst\u00e4dte<\/p>\n","protected":false},"author":1,"featured_media":0,"parent":49,"menu_order":0,"comment_status":"closed","ping_status":"closed","template":"","meta":[],"_links":{"self":[{"href":"http:\/\/xn--vielstdte-02a.com\/index.php?rest_route=\/wp\/v2\/pages\/29"}],"collection":[{"href":"http:\/\/xn--vielstdte-02a.com\/index.php?rest_route=\/wp\/v2\/pages"}],"about":[{"href":"http:\/\/xn--vielstdte-02a.com\/index.php?rest_route=\/wp\/v2\/types\/page"}],"author":[{"embeddable":true,"href":"http:\/\/xn--vielstdte-02a.com\/index.php?rest_route=\/wp\/v2\/users\/1"}],"replies":[{"embeddable":true,"href":"http:\/\/xn--vielstdte-02a.com\/index.php?rest_route=%2Fwp%2Fv2%2Fcomments&post=29"}],"version-history":[{"count":3,"href":"http:\/\/xn--vielstdte-02a.com\/index.php?rest_route=\/wp\/v2\/pages\/29\/revisions"}],"predecessor-version":[{"id":85,"href":"http:\/\/xn--vielstdte-02a.com\/index.php?rest_route=\/wp\/v2\/pages\/29\/revisions\/85"}],"up":[{"embeddable":true,"href":"http:\/\/xn--vielstdte-02a.com\/index.php?rest_route=\/wp\/v2\/pages\/49"}],"wp:attachment":[{"href":"http:\/\/xn--vielstdte-02a.com\/index.php?rest_route=%2Fwp%2Fv2%2Fmedia&parent=29"}],"curies":[{"name":"wp","href":"https:\/\/api.w.org\/{rel}","templated":true}]}}