{"id":2121,"date":"2025-05-27T21:20:17","date_gmt":"2025-05-27T19:20:17","guid":{"rendered":"http:\/\/xn--vielstdte-02a.com\/?page_id=2121"},"modified":"2025-05-27T21:20:18","modified_gmt":"2025-05-27T19:20:18","slug":"bundesliga-tippspiel-2024-2025","status":"publish","type":"page","link":"http:\/\/xn--vielstdte-02a.com\/?page_id=2121","title":{"rendered":"<a href=\"http:\/\/xn--vielstdte-02a.com\/wp-admin\/post.php?post=1976&amp;action=edit\">Bundesliga Tippspiel 2024\/2025<\/a>"},"content":{"rendered":"\n<p><\/p><figure class=\"wp-block-table\" border=\"0\">\n<table>\n<tbody>\n<tr>\n<td><strong>Name<\/strong><\/td>\n<td><strong>Punkte<\/strong><\/td>\n<td><strong>Gewinn<\/strong><\/td>\n<\/tr>\n<tr><td>Ulf Brockhoff<\/td><td>216<\/td><td>27,50 EUR<\/td><\/tr>\n<tr><td>Markus Tentrup<\/td><td>214<\/td><td>16,50 EUR<\/td><\/tr>\n<tr><td>Rainer Vielst\u00e4dte<\/td><td>201<\/td><td>11,00 EUR<\/td><\/tr>\n<tr><td>Leon Milchers<\/td><td>200<\/td><td><\/td><\/tr>\n<tr><td>Dirk Stockbr\u00fcgger<\/td><td>196<\/td><td><\/td><\/tr>\n<tr><td>Timo Br\u00fcggemann<\/td><td>195<\/td><td><\/td><\/tr>\n<tr><td>Daniel Roer<\/td><td>188<\/td><td><\/td><\/tr>\n<tr><td>Ingrid Vielst\u00e4dte<\/td><td>187<\/td><td><\/td><\/tr>\n<tr><td>Sebastian Vielst\u00e4dte<\/td><td>176<\/td><td><\/td><\/tr>\n<tr><td>Mick Vielst\u00e4dte<\/td><td>144<\/td><td><\/td><\/tr>\n<tr><td>Marc Sauer<\/td><td>137<\/td><td><\/td><\/tr>\n<\/tbody>\n<\/table>\n<\/figure><p><\/p>\n","protected":false},"excerpt":{"rendered":"<p>Name Punkte Gewinn Ulf Brockhoff 216 27,50 EUR Markus Tentrup 214 16,50 EUR Rainer Vielst\u00e4dte 201 11,00 EUR Leon Milchers 200 Dirk Stockbr\u00fcgger 196 Timo Br\u00fcggemann 195 Daniel Roer 188 Ingrid Vielst\u00e4dte 187 Sebastian Vielst\u00e4dte 176 Mick Vielst\u00e4dte 144 Marc Sauer 137<\/p>\n","protected":false},"author":1,"featured_media":112,"parent":0,"menu_order":0,"comment_status":"closed","ping_status":"closed","template":"","meta":[],"_links":{"self":[{"href":"http:\/\/xn--vielstdte-02a.com\/index.php?rest_route=\/wp\/v2\/pages\/2121"}],"collection":[{"href":"http:\/\/xn--vielstdte-02a.com\/index.php?rest_route=\/wp\/v2\/pages"}],"about":[{"href":"http:\/\/xn--vielstdte-02a.com\/index.php?rest_route=\/wp\/v2\/types\/page"}],"author":[{"embeddable":true,"href":"http:\/\/xn--vielstdte-02a.com\/index.php?rest_route=\/wp\/v2\/users\/1"}],"replies":[{"embeddable":true,"href":"http:\/\/xn--vielstdte-02a.com\/index.php?rest_route=%2Fwp%2Fv2%2Fcomments&post=2121"}],"version-history":[{"count":1,"href":"http:\/\/xn--vielstdte-02a.com\/index.php?rest_route=\/wp\/v2\/pages\/2121\/revisions"}],"predecessor-version":[{"id":2122,"href":"http:\/\/xn--vielstdte-02a.com\/index.php?rest_route=\/wp\/v2\/pages\/2121\/revisions\/2122"}],"wp:featuredmedia":[{"embeddable":true,"href":"http:\/\/xn--vielstdte-02a.com\/index.php?rest_route=\/wp\/v2\/media\/112"}],"wp:attachment":[{"href":"http:\/\/xn--vielstdte-02a.com\/index.php?rest_route=%2Fwp%2Fv2%2Fmedia&parent=2121"}],"curies":[{"name":"wp","href":"https:\/\/api.w.org\/{rel}","templated":true}]}}