{"id":2094,"date":"2024-07-16T08:49:52","date_gmt":"2024-07-16T06:49:52","guid":{"rendered":"http:\/\/xn--vielstdte-02a.com\/?page_id=2094"},"modified":"2024-07-16T08:52:10","modified_gmt":"2024-07-16T06:52:10","slug":"em-tippspiel-2024","status":"publish","type":"page","link":"http:\/\/xn--vielstdte-02a.com\/?page_id=2094","title":{"rendered":"EM Tippspiel 2024"},"content":{"rendered":"\n<p><\/p><figure class=\"wp-block-table\" border=\"0\">\n<table>\n<tbody>\n<tr>\n<td><strong>Name<\/strong><\/td>\n<td><strong>Punkte<\/strong><\/td>\n<td><strong>Gewinn<\/strong><\/td>\n<\/tr>\n<tr><td>Markus Tentrup<\/td><td>46<\/td><td>30,00 EUR<\/td><\/tr>\n<tr><td>Ulf Brockhoff<\/td><td>45<\/td><td>18,00 EUR<\/td><\/tr>\n<tr><td>Leon Milchers<\/td><td>44<\/td><td>12,00 EUR<\/td><\/tr>\n<tr><td>Dirk Stockbr\u00fcgger<\/td><td>42<\/td><td><\/td><\/tr>\n<tr><td>Mick Vielst\u00e4dte<\/td><td>41<\/td><td><\/td><\/tr>\n<tr><td>Sebastian Vielst\u00e4dte<\/td><td>40<\/td><td><\/td><\/tr>\n<tr><td>Daniel Roer<\/td><td>40<\/td><td><\/td><\/tr>\n<tr><td>Marc Sauer<\/td><td>38<\/td><td><\/td><\/tr>\n<tr><td>Finn Kl\u00f6mmer<\/td><td>38<\/td><td><\/td><\/tr>\n<tr><td>Ingrid Vielst\u00e4dte<\/td><td>29<\/td><td><\/td><\/tr>\n<tr><td>Rainer Vielst\u00e4dte<\/td><td>29<\/td><td><\/td><\/tr>\n<tr><td>Timo Br\u00fcggemann<\/td><td>29<\/td><td><\/td><\/tr>\n<\/tbody>\n<\/table>\n<\/figure><p><\/p>\n","protected":false},"excerpt":{"rendered":"<p>Name Punkte Gewinn Markus Tentrup 46 30,00 EUR Ulf Brockhoff 45 18,00 EUR Leon Milchers 44 12,00 EUR Dirk Stockbr\u00fcgger 42 Mick Vielst\u00e4dte 41 Sebastian Vielst\u00e4dte 40 Daniel Roer 40 Marc Sauer 38 Finn Kl\u00f6mmer 38 Ingrid Vielst\u00e4dte 29 Rainer Vielst\u00e4dte 29 Timo Br\u00fcggemann 29<\/p>\n","protected":false},"author":1,"featured_media":2069,"parent":0,"menu_order":0,"comment_status":"closed","ping_status":"closed","template":"","meta":[],"_links":{"self":[{"href":"http:\/\/xn--vielstdte-02a.com\/index.php?rest_route=\/wp\/v2\/pages\/2094"}],"collection":[{"href":"http:\/\/xn--vielstdte-02a.com\/index.php?rest_route=\/wp\/v2\/pages"}],"about":[{"href":"http:\/\/xn--vielstdte-02a.com\/index.php?rest_route=\/wp\/v2\/types\/page"}],"author":[{"embeddable":true,"href":"http:\/\/xn--vielstdte-02a.com\/index.php?rest_route=\/wp\/v2\/users\/1"}],"replies":[{"embeddable":true,"href":"http:\/\/xn--vielstdte-02a.com\/index.php?rest_route=%2Fwp%2Fv2%2Fcomments&post=2094"}],"version-history":[{"count":4,"href":"http:\/\/xn--vielstdte-02a.com\/index.php?rest_route=\/wp\/v2\/pages\/2094\/revisions"}],"predecessor-version":[{"id":2098,"href":"http:\/\/xn--vielstdte-02a.com\/index.php?rest_route=\/wp\/v2\/pages\/2094\/revisions\/2098"}],"wp:featuredmedia":[{"embeddable":true,"href":"http:\/\/xn--vielstdte-02a.com\/index.php?rest_route=\/wp\/v2\/media\/2069"}],"wp:attachment":[{"href":"http:\/\/xn--vielstdte-02a.com\/index.php?rest_route=%2Fwp%2Fv2%2Fmedia&parent=2094"}],"curies":[{"name":"wp","href":"https:\/\/api.w.org\/{rel}","templated":true}]}}