{"id":2061,"date":"2024-05-27T09:00:02","date_gmt":"2024-05-27T07:00:02","guid":{"rendered":"http:\/\/xn--vielstdte-02a.com\/?page_id=2061"},"modified":"2024-05-28T15:45:06","modified_gmt":"2024-05-28T13:45:06","slug":"bundesliga-tippspiel-2023-2024","status":"publish","type":"page","link":"http:\/\/xn--vielstdte-02a.com\/?page_id=2061","title":{"rendered":"Bundesliga Tippspiel 2023\/2024"},"content":{"rendered":"\n<p><\/p><figure class=\"wp-block-table\" border=\"0\">\n<table>\n<tbody>\n<tr>\n<td><strong>Name<\/strong><\/td>\n<td><strong>Punkte<\/strong><\/td>\n<td><strong>Gewinn<\/strong><\/td>\n<\/tr>\n<tr><td>Daniel Roer<\/td><td>227<\/td><td>37,50 EUR<\/td><\/tr>\n<tr><td>Ulf Brockhoff<\/td><td>218<\/td><td>22,50 EUR<\/td><\/tr>\n<tr><td>Timo Br\u00fcggemann<\/td><td>211<\/td><td>15,00 EUR<\/td><\/tr>\n<tr><td>Dirk Stockbr\u00fcgger<\/td><td>208<\/td><td><\/td><\/tr>\n<tr><td>Finn Kl\u00f6mmer<\/td><td>208<\/td><td><\/td><\/tr>\n<tr><td>Markus Tentrup<\/td><td>205<\/td><td><\/td><\/tr>\n<tr><td>Marc Sauer<\/td><td>200<\/td><td><\/td><\/tr>\n<tr><td>Leon Milchers<\/td><td>183<\/td><td><\/td><\/tr>\n<tr><td>Sebastian Vielst\u00e4dte<\/td><td>181<\/td><td><\/td><\/tr>\n<tr><td>Janine Vielst\u00e4dte<\/td><td>173<\/td><td><\/td><\/tr>\n<tr><td>Frederik M\u00f6ller<\/td><td>158<\/td><td><\/td><\/tr>\n<tr><td>Rainer Vielst\u00e4dte<\/td><td>94<\/td><td><\/td><\/tr>\n<tr><td>Ingrid Vielst\u00e4dte<\/td><td>91<\/td><td><\/td><\/tr>\n<tr><td>Kai-Philipp Dallm\u00f6ller<\/td><td>90<\/td><td><\/td><\/tr>\n<tr><td>Oliver Winkenhoff<\/td><td>53<\/td><td><\/td><\/tr>\n<\/tbody>\n<\/table>\n<\/figure><p><\/p>\n","protected":false},"excerpt":{"rendered":"<p>Name Punkte Gewinn Daniel Roer 227 37,50 EUR Ulf Brockhoff 218 22,50 EUR Timo Br\u00fcggemann 211 15,00 EUR Dirk Stockbr\u00fcgger 208 Finn Kl\u00f6mmer 208 Markus Tentrup 205 Marc Sauer 200 Leon Milchers 183 Sebastian Vielst\u00e4dte 181 Janine Vielst\u00e4dte 173 Frederik M\u00f6ller 158 Rainer Vielst\u00e4dte 94 Ingrid Vielst\u00e4dte 91 Kai-Philipp Dallm\u00f6ller 90 Oliver Winkenhoff 53<\/p>\n","protected":false},"author":1,"featured_media":112,"parent":0,"menu_order":0,"comment_status":"closed","ping_status":"closed","template":"","meta":[],"_links":{"self":[{"href":"http:\/\/xn--vielstdte-02a.com\/index.php?rest_route=\/wp\/v2\/pages\/2061"}],"collection":[{"href":"http:\/\/xn--vielstdte-02a.com\/index.php?rest_route=\/wp\/v2\/pages"}],"about":[{"href":"http:\/\/xn--vielstdte-02a.com\/index.php?rest_route=\/wp\/v2\/types\/page"}],"author":[{"embeddable":true,"href":"http:\/\/xn--vielstdte-02a.com\/index.php?rest_route=\/wp\/v2\/users\/1"}],"replies":[{"embeddable":true,"href":"http:\/\/xn--vielstdte-02a.com\/index.php?rest_route=%2Fwp%2Fv2%2Fcomments&post=2061"}],"version-history":[{"count":3,"href":"http:\/\/xn--vielstdte-02a.com\/index.php?rest_route=\/wp\/v2\/pages\/2061\/revisions"}],"predecessor-version":[{"id":2080,"href":"http:\/\/xn--vielstdte-02a.com\/index.php?rest_route=\/wp\/v2\/pages\/2061\/revisions\/2080"}],"wp:featuredmedia":[{"embeddable":true,"href":"http:\/\/xn--vielstdte-02a.com\/index.php?rest_route=\/wp\/v2\/media\/112"}],"wp:attachment":[{"href":"http:\/\/xn--vielstdte-02a.com\/index.php?rest_route=%2Fwp%2Fv2%2Fmedia&parent=2061"}],"curies":[{"name":"wp","href":"https:\/\/api.w.org\/{rel}","templated":true}]}}