{"id":1997,"date":"2023-06-06T09:30:57","date_gmt":"2023-06-06T07:30:57","guid":{"rendered":"http:\/\/xn--vielstdte-02a.com\/?page_id=1997"},"modified":"2023-06-06T09:38:52","modified_gmt":"2023-06-06T07:38:52","slug":"bundesliga-tippspiel-2022-2023-2","status":"publish","type":"page","link":"http:\/\/xn--vielstdte-02a.com\/?page_id=1997","title":{"rendered":"Bundesliga Tippspiel 2022\/2023"},"content":{"rendered":"\n<p><\/p><figure class=\"wp-block-table\" border=\"0\">\n<table>\n<tbody>\n<tr>\n<td><strong>Name<\/strong><\/td>\n<td><strong>Punkte<\/strong><\/td>\n<td><strong>Gewinn<\/strong><\/td>\n<\/tr>\n<tr><td>Ulf Brockhoff<\/td><td>224<\/td><td>45,00 EUR<\/td><\/tr>\n<tr><td>Leon Milchers<\/td><td>215<\/td><td>27,00 EUR<\/td><\/tr>\n<tr><td>Markus Tentrup<\/td><td>212<\/td><td>18,00 EUR<\/td><\/tr>\n<tr><td>Daniel Roer<\/td><td>210<\/td><td><\/td><\/tr>\n<tr><td>Rainer Vielst\u00e4dte<\/td><td>209<\/td><td><\/td><\/tr>\n<tr><td>Timo Br\u00fcggemann<\/td><td>208<\/td><td><\/td><\/tr>\n<tr><td>Marc Sauer<\/td><td>197<\/td><td><\/td><\/tr>\n<tr><td>Nadine Tentrup<\/td><td>196<\/td><td><\/td><\/tr>\n<tr><td>Janine Vielst\u00e4dte<\/td><td>195<\/td><td><\/td><\/tr>\n<tr><td>Frederick M\u00f6ller<\/td><td>195<\/td><td><\/td><\/tr>\n<tr><td>Dirk Stockbr\u00fcgger<\/td><td>194<\/td><td><\/td><\/tr>\n<tr><td>Ingrid Vielst\u00e4dte<\/td><td>186<\/td><td><\/td><\/tr>\n<tr><td>Sebastian Vielst\u00e4dte<\/td><td>175<\/td><td><\/td><\/tr>\n<tr><td>Finn Kl\u00f6mmer<\/td><td>173<\/td><td><\/td><\/tr>\n<tr><td>Kai-Philipp Dallm\u00f6ller<\/td><td>165<\/td><td><\/td><\/tr>\n<tr><td>Stephan B\u00f6hm<\/td><td>156<\/td><td><\/td><\/tr>\n<tr><td>Julia Entrup<\/td><td>124<\/td><td><\/td><\/tr>\n<tr><td>Svenja Keyserlingk<\/td><td>96<\/td><td><\/td><\/tr>\n<\/tbody>\n<\/table>\n<\/figure><p><\/p>\n\n\n\n<p><\/p>\n","protected":false},"excerpt":{"rendered":"<p>Name Punkte Gewinn Ulf Brockhoff 224 45,00 EUR Leon Milchers 215 27,00 EUR Markus Tentrup 212 18,00 EUR Daniel Roer 210 Rainer Vielst\u00e4dte 209 Timo Br\u00fcggemann 208 Marc Sauer 197 Nadine Tentrup 196 Janine Vielst\u00e4dte 195 Frederick M\u00f6ller 195 Dirk Stockbr\u00fcgger 194 Ingrid Vielst\u00e4dte 186 Sebastian Vielst\u00e4dte 175 Finn Kl\u00f6mmer 173 Kai-Philipp Dallm\u00f6ller 165 Stephan B\u00f6hm 156 Julia Entrup 124 Svenja Keyserlingk 96<\/p>\n","protected":false},"author":1,"featured_media":112,"parent":0,"menu_order":0,"comment_status":"closed","ping_status":"closed","template":"","meta":[],"_links":{"self":[{"href":"http:\/\/xn--vielstdte-02a.com\/index.php?rest_route=\/wp\/v2\/pages\/1997"}],"collection":[{"href":"http:\/\/xn--vielstdte-02a.com\/index.php?rest_route=\/wp\/v2\/pages"}],"about":[{"href":"http:\/\/xn--vielstdte-02a.com\/index.php?rest_route=\/wp\/v2\/types\/page"}],"author":[{"embeddable":true,"href":"http:\/\/xn--vielstdte-02a.com\/index.php?rest_route=\/wp\/v2\/users\/1"}],"replies":[{"embeddable":true,"href":"http:\/\/xn--vielstdte-02a.com\/index.php?rest_route=%2Fwp%2Fv2%2Fcomments&post=1997"}],"version-history":[{"count":2,"href":"http:\/\/xn--vielstdte-02a.com\/index.php?rest_route=\/wp\/v2\/pages\/1997\/revisions"}],"predecessor-version":[{"id":2000,"href":"http:\/\/xn--vielstdte-02a.com\/index.php?rest_route=\/wp\/v2\/pages\/1997\/revisions\/2000"}],"wp:featuredmedia":[{"embeddable":true,"href":"http:\/\/xn--vielstdte-02a.com\/index.php?rest_route=\/wp\/v2\/media\/112"}],"wp:attachment":[{"href":"http:\/\/xn--vielstdte-02a.com\/index.php?rest_route=%2Fwp%2Fv2%2Fmedia&parent=1997"}],"curies":[{"name":"wp","href":"https:\/\/api.w.org\/{rel}","templated":true}]}}