{"id":18,"date":"2015-12-30T14:47:26","date_gmt":"2015-12-30T13:47:26","guid":{"rendered":"http:\/\/xn--vielstdte-02a.com\/?page_id=18"},"modified":"2018-06-25T20:24:45","modified_gmt":"2018-06-25T18:24:45","slug":"tippspiele","status":"publish","type":"page","link":"http:\/\/xn--vielstdte-02a.com\/?page_id=18","title":{"rendered":"Bundesliga Tippspiel 2011\/2012"},"content":{"rendered":"<ol>\n<li>Daniel Roer<\/li>\n<li>Sebastian Vielst\u00e4dte<\/li>\n<li>Nicolas Mix<\/li>\n<li>Lars Nettelstroth<\/li>\n<li>Markus Tentrup<\/li>\n<li>Michael Winter<\/li>\n<li>Stefanie Rottmann<\/li>\n<li>Ulf Brockhoff<\/li>\n<li>Josef Behrens<\/li>\n<li>Ulrich Mix<\/li>\n<li>Svenja Vielst\u00e4dte<\/li>\n<li>Inge Vielst\u00e4dte<\/li>\n<li>Maximilian Mix<\/li>\n<li>Ren\u00e9 Keitemeier<\/li>\n<li>Johannes Keyserlingk<\/li>\n<li>Bernhard Vielst\u00e4dte<\/li>\n<li>Rainer Vielst\u00e4dte<\/li>\n<li>Reinhard Nickel<\/li>\n<li>Stephan Toppm\u00f6ller<\/li>\n<\/ol>\n","protected":false},"excerpt":{"rendered":"<p>Daniel Roer Sebastian Vielst\u00e4dte Nicolas Mix Lars Nettelstroth Markus Tentrup Michael Winter Stefanie Rottmann Ulf Brockhoff Josef Behrens Ulrich Mix Svenja Vielst\u00e4dte Inge Vielst\u00e4dte Maximilian Mix Ren\u00e9 Keitemeier Johannes Keyserlingk Bernhard Vielst\u00e4dte Rainer Vielst\u00e4dte Reinhard Nickel Stephan Toppm\u00f6ller<\/p>\n","protected":false},"author":1,"featured_media":0,"parent":49,"menu_order":0,"comment_status":"closed","ping_status":"closed","template":"","meta":[],"_links":{"self":[{"href":"http:\/\/xn--vielstdte-02a.com\/index.php?rest_route=\/wp\/v2\/pages\/18"}],"collection":[{"href":"http:\/\/xn--vielstdte-02a.com\/index.php?rest_route=\/wp\/v2\/pages"}],"about":[{"href":"http:\/\/xn--vielstdte-02a.com\/index.php?rest_route=\/wp\/v2\/types\/page"}],"author":[{"embeddable":true,"href":"http:\/\/xn--vielstdte-02a.com\/index.php?rest_route=\/wp\/v2\/users\/1"}],"replies":[{"embeddable":true,"href":"http:\/\/xn--vielstdte-02a.com\/index.php?rest_route=%2Fwp%2Fv2%2Fcomments&post=18"}],"version-history":[{"count":4,"href":"http:\/\/xn--vielstdte-02a.com\/index.php?rest_route=\/wp\/v2\/pages\/18\/revisions"}],"predecessor-version":[{"id":76,"href":"http:\/\/xn--vielstdte-02a.com\/index.php?rest_route=\/wp\/v2\/pages\/18\/revisions\/76"}],"up":[{"embeddable":true,"href":"http:\/\/xn--vielstdte-02a.com\/index.php?rest_route=\/wp\/v2\/pages\/49"}],"wp:attachment":[{"href":"http:\/\/xn--vielstdte-02a.com\/index.php?rest_route=%2Fwp%2Fv2%2Fmedia&parent=18"}],"curies":[{"name":"wp","href":"https:\/\/api.w.org\/{rel}","templated":true}]}}