{"id":1793,"date":"2021-05-25T09:12:43","date_gmt":"2021-05-25T07:12:43","guid":{"rendered":"http:\/\/xn--vielstdte-02a.com\/?page_id=1793"},"modified":"2021-05-25T09:12:44","modified_gmt":"2021-05-25T07:12:44","slug":"bundesliga-tippspiel-2020-2021","status":"publish","type":"page","link":"http:\/\/xn--vielstdte-02a.com\/?page_id=1793","title":{"rendered":"Bundesliga Tippspiel 2020\/2021"},"content":{"rendered":"\n<figure class=\"wp-block-table\">\n<table>\n<tbody>\n<tr>\n<td><strong>Name<\/strong><\/td>\n<td><strong>Punkte<\/strong><\/td>\n<td><strong>Gewinn<\/strong><\/td>\n<\/tr>\n<tr><td>Marc Sauer<\/td><td>228<\/td><td>37,50 EUR<\/td><\/tr>\n<tr><td>Daniel Roer<\/td><td>218<\/td><td>22,50 EUR<\/td><\/tr>\n<tr><td>Markus Tentrup<\/td><td>213<\/td><td>15,00 EUR<\/td><\/tr>\n<tr><td>Dirk Stockbr\u00fcgger<\/td><td>208<\/td><td><\/td><\/tr>\n<tr><td>Nadine Tentrup<\/td><td>207<\/td><td><\/td><\/tr>\n<tr><td>Timo Br\u00fcggemann<\/td><td>206<\/td><td><\/td><\/tr>\n<tr><td>Sebastian Vielst\u00e4dte<\/td><td>204<\/td><td><\/td><\/tr>\n<tr><td>Ulf Brockhoff<\/td><td>204<\/td><td><\/td><\/tr>\n<tr><td>Michael Winter<\/td><td>191<\/td><td><\/td><\/tr>\n<tr><td>Leon Milchers<\/td><td>177<\/td><td><\/td><\/tr>\n<tr><td>Janine Woltering<\/td><td>171<\/td><td><\/td><\/tr>\n<tr><td>Rainer Vielst\u00e4dte<\/td><td>164<\/td><td><\/td><\/tr>\n<tr><td>Kai-Philipp Dallm\u00f6ller<\/td><td>152<\/td><td><\/td><\/tr>\n<tr><td>Ingrid Vielst\u00e4dte<\/td><td>142<\/td><td><\/td><\/tr>\n<tr><td>Raimund Rogowski<\/td><td>54<\/td><td><\/td><\/tr>\n<\/tbody>\n<\/table>\n<\/figure>\n\n","protected":false},"excerpt":{"rendered":"<p>Name Punkte Gewinn Marc Sauer 228 37,50 EUR Daniel Roer 218 22,50 EUR Markus Tentrup 213 15,00 EUR Dirk Stockbr\u00fcgger 208 Nadine Tentrup 207 Timo Br\u00fcggemann 206 Sebastian Vielst\u00e4dte 204 Ulf Brockhoff 204 Michael Winter 191 Leon Milchers 177 Janine Woltering 171 Rainer Vielst\u00e4dte 164 Kai-Philipp Dallm\u00f6ller 152 Ingrid Vielst\u00e4dte 142 Raimund Rogowski 54<\/p>\n","protected":false},"author":1,"featured_media":112,"parent":0,"menu_order":0,"comment_status":"closed","ping_status":"closed","template":"","meta":[],"_links":{"self":[{"href":"http:\/\/xn--vielstdte-02a.com\/index.php?rest_route=\/wp\/v2\/pages\/1793"}],"collection":[{"href":"http:\/\/xn--vielstdte-02a.com\/index.php?rest_route=\/wp\/v2\/pages"}],"about":[{"href":"http:\/\/xn--vielstdte-02a.com\/index.php?rest_route=\/wp\/v2\/types\/page"}],"author":[{"embeddable":true,"href":"http:\/\/xn--vielstdte-02a.com\/index.php?rest_route=\/wp\/v2\/users\/1"}],"replies":[{"embeddable":true,"href":"http:\/\/xn--vielstdte-02a.com\/index.php?rest_route=%2Fwp%2Fv2%2Fcomments&post=1793"}],"version-history":[{"count":4,"href":"http:\/\/xn--vielstdte-02a.com\/index.php?rest_route=\/wp\/v2\/pages\/1793\/revisions"}],"predecessor-version":[{"id":1878,"href":"http:\/\/xn--vielstdte-02a.com\/index.php?rest_route=\/wp\/v2\/pages\/1793\/revisions\/1878"}],"wp:featuredmedia":[{"embeddable":true,"href":"http:\/\/xn--vielstdte-02a.com\/index.php?rest_route=\/wp\/v2\/media\/112"}],"wp:attachment":[{"href":"http:\/\/xn--vielstdte-02a.com\/index.php?rest_route=%2Fwp%2Fv2%2Fmedia&parent=1793"}],"curies":[{"name":"wp","href":"https:\/\/api.w.org\/{rel}","templated":true}]}}