{"id":1709,"date":"2020-07-06T21:35:58","date_gmt":"2020-07-06T19:35:58","guid":{"rendered":"http:\/\/xn--vielstdte-02a.com\/?page_id=1709"},"modified":"2020-07-07T09:36:50","modified_gmt":"2020-07-07T07:36:50","slug":"bundesliga-tippspiel-2019-2020","status":"publish","type":"page","link":"http:\/\/xn--vielstdte-02a.com\/?page_id=1709","title":{"rendered":"Bundesliga Tippspiel 2019\/2020"},"content":{"rendered":"\n<figure class=\"wp-block-table\"><table><tbody><tr><td><strong>Name<\/strong><\/td><td><strong>Punkte<\/strong><\/td><td><strong>Gewinn<\/strong><\/td><\/tr><tr><td>Markus Tentrup<\/td><td>227<\/td><td>35,00 EUR<\/td><\/tr><tr><td>Dirk Stockbr\u00fcgger<\/td><td>227<\/td><td>21,00 EUR<\/td><\/tr><tr><td>Timo Br\u00fcggemann<\/td><td>224<\/td><td>14,00 EUR<\/td><\/tr><tr><td>Marc Sauer<\/td><td>220<\/td><td><\/td><\/tr><tr><td>Daniel Roer<\/td><td>214<\/td><td><\/td><\/tr><tr><td>Michael Winter<\/td><td>212<\/td><td><\/td><\/tr><tr><td>Ulf Brockhoff<\/td><td>209<\/td><td><\/td><\/tr><tr><td>Sebastian Vielst\u00e4dte<\/td><td>205<\/td><td><\/td><\/tr><tr><td>Janine Woltering<\/td><td>204<\/td><td><\/td><\/tr><tr><td>Kai-Philipp Dallm\u00f6ller<\/td><td>182<\/td><td><\/td><\/tr><tr><td>Bastian Birkenhauer<\/td><td>135<\/td><td><\/td><\/tr><tr><td>Nadine Dalkmann<\/td><td>115<\/td><td><\/td><\/tr><tr><td>Rainer Vielst\u00e4dte<\/td><td>93<\/td><td><\/td><\/tr><tr><td>Nicolas Mix<\/td><td>38<\/td><td><\/td><\/tbody><\/table><\/figure>\n\n\n\n<p>Gem\u00e4\u00df Spielregeln gewinnt bei Punktgleichheit derjenige mit den meisten richtig abgegebenen Tipps. Markus Tentrup hatte 30, Dirk Stockbr\u00fcgger 23. <\/p>\n","protected":false},"excerpt":{"rendered":"<p>Name Punkte Gewinn Markus Tentrup 227 35,00 EUR Dirk Stockbr\u00fcgger 227 21,00 EUR Timo Br\u00fcggemann 224 14,00 EUR Marc Sauer 220 Daniel Roer 214 Michael Winter 212 Ulf Brockhoff 209 Sebastian Vielst\u00e4dte 205 Janine Woltering 204 Kai-Philipp Dallm\u00f6ller 182 Bastian Birkenhauer 135 Nadine Dalkmann 115 Rainer Vielst\u00e4dte 93 Nicolas Mix 38 Gem\u00e4\u00df Spielregeln gewinnt bei Punktgleichheit derjenige mit den meisten richtig abgegebenen Tipps. Markus Tentrup hatte 30, Dirk Stockbr\u00fcgger 23.<\/p>\n","protected":false},"author":1,"featured_media":112,"parent":0,"menu_order":0,"comment_status":"closed","ping_status":"closed","template":"","meta":[],"_links":{"self":[{"href":"http:\/\/xn--vielstdte-02a.com\/index.php?rest_route=\/wp\/v2\/pages\/1709"}],"collection":[{"href":"http:\/\/xn--vielstdte-02a.com\/index.php?rest_route=\/wp\/v2\/pages"}],"about":[{"href":"http:\/\/xn--vielstdte-02a.com\/index.php?rest_route=\/wp\/v2\/types\/page"}],"author":[{"embeddable":true,"href":"http:\/\/xn--vielstdte-02a.com\/index.php?rest_route=\/wp\/v2\/users\/1"}],"replies":[{"embeddable":true,"href":"http:\/\/xn--vielstdte-02a.com\/index.php?rest_route=%2Fwp%2Fv2%2Fcomments&post=1709"}],"version-history":[{"count":5,"href":"http:\/\/xn--vielstdte-02a.com\/index.php?rest_route=\/wp\/v2\/pages\/1709\/revisions"}],"predecessor-version":[{"id":1792,"href":"http:\/\/xn--vielstdte-02a.com\/index.php?rest_route=\/wp\/v2\/pages\/1709\/revisions\/1792"}],"wp:featuredmedia":[{"embeddable":true,"href":"http:\/\/xn--vielstdte-02a.com\/index.php?rest_route=\/wp\/v2\/media\/112"}],"wp:attachment":[{"href":"http:\/\/xn--vielstdte-02a.com\/index.php?rest_route=%2Fwp%2Fv2%2Fmedia&parent=1709"}],"curies":[{"name":"wp","href":"https:\/\/api.w.org\/{rel}","templated":true}]}}