{"id":1333,"date":"2019-05-30T13:41:23","date_gmt":"2019-05-30T11:41:23","guid":{"rendered":"http:\/\/xn--vielstdte-02a.com\/?page_id=1333"},"modified":"2019-05-30T13:41:24","modified_gmt":"2019-05-30T11:41:24","slug":"bundesliga-tippspiel-2018-2019","status":"publish","type":"page","link":"http:\/\/xn--vielstdte-02a.com\/?page_id=1333","title":{"rendered":"Bundesliga Tippspiel 2018\/2019"},"content":{"rendered":"\n<table style=\"border-color: #ffffff;\">\n<tbody>\n<tr>\n<td><strong>Name<\/strong><\/td>\n<td style=\"text-align: center;\"><strong>Punkte<\/strong><\/td>\n<td style=\"text-align: center;\"><strong>Gewinn<\/strong><\/td>\n<\/tr>\n<tr>\n<td>Markus Tentrup<\/td>\n<td style=\"text-align: center;\">230<\/td>\n<td style=\"text-align: center;\">30,00 EUR<\/td>\n<\/tr>\n<tr>\n<td>Timo Br\u00fcggemann<\/td>\n<td style=\"text-align: center;\">224<\/td>\n<td style=\"text-align: center;\">18,00 EUR<\/td>\n<\/tr>\n<tr>\n<td>Marc Sauer<\/td>\n<td style=\"text-align: center;\">223<\/td>\n<td style=\"text-align: center;\">12,00 EUR<\/td>\n<\/tr>\n<tr>\n<td>Daniel Roer<\/td>\n<td style=\"text-align: center;\">222<\/td>\n<td style=\"text-align: center;\"> <\/td>\n<\/tr>\n<tr>\n<td>Ulf Brockhoff<\/td>\n<td style=\"text-align: center;\">219<\/td>\n<td style=\"text-align: center;\"> <\/td>\n<\/tr>\n<tr>\n<td>Janine Woltering<\/td>\n<td style=\"text-align: center;\">216<\/td>\n<td style=\"text-align: center;\"> <\/td>\n<\/tr>\n<tr>\n<td>Dirk Stockbr\u00fcgger<\/td>\n<td style=\"text-align: center;\">210<\/td>\n<td style=\"text-align: center;\"> <\/td>\n<\/tr>\n<tr>\n<td>Sebastian Vielst\u00e4dte<\/td>\n<td style=\"text-align: center;\">199<\/td>\n<td style=\"text-align: center;\"> <\/td>\n<\/tr>\n<tr>\n<td>Indra &amp; Jonah Roer<\/td>\n<td style=\"text-align: center;\">191<\/td>\n<td style=\"text-align: center;\"> <\/td>\n<\/tr>\n<tr>\n<td>Stefanie Pastoor<\/td>\n<td style=\"text-align: center;\">187<\/td>\n<td style=\"text-align: center;\"> <\/td>\n<\/tr>\n<tr>\n<td>Lars Nettelstroth<\/td>\n<td style=\"text-align: center;\">152<\/td>\n<td style=\"text-align: center;\"> <\/td>\n<\/tr>\n<tr>\n<td>Rainer Vielst\u00e4dte<\/td>\n<td style=\"text-align: center;\">22<\/td>\n<td style=\"text-align: center;\"> <\/td>\n<\/tr>\n<\/tbody>\n<\/table>\n<p> <\/p>\n","protected":false},"excerpt":{"rendered":"<p>Name Punkte Gewinn Markus Tentrup 230 30,00 EUR Timo Br\u00fcggemann 224 18,00 EUR Marc Sauer 223 12,00 EUR Daniel Roer 222 Ulf Brockhoff 219 Janine Woltering 216 Dirk Stockbr\u00fcgger 210 Sebastian Vielst\u00e4dte 199 Indra &amp; Jonah Roer 191 Stefanie Pastoor 187 Lars Nettelstroth 152 Rainer Vielst\u00e4dte 22<\/p>\n","protected":false},"author":1,"featured_media":0,"parent":0,"menu_order":0,"comment_status":"closed","ping_status":"closed","template":"","meta":[],"_links":{"self":[{"href":"http:\/\/xn--vielstdte-02a.com\/index.php?rest_route=\/wp\/v2\/pages\/1333"}],"collection":[{"href":"http:\/\/xn--vielstdte-02a.com\/index.php?rest_route=\/wp\/v2\/pages"}],"about":[{"href":"http:\/\/xn--vielstdte-02a.com\/index.php?rest_route=\/wp\/v2\/types\/page"}],"author":[{"embeddable":true,"href":"http:\/\/xn--vielstdte-02a.com\/index.php?rest_route=\/wp\/v2\/users\/1"}],"replies":[{"embeddable":true,"href":"http:\/\/xn--vielstdte-02a.com\/index.php?rest_route=%2Fwp%2Fv2%2Fcomments&post=1333"}],"version-history":[{"count":5,"href":"http:\/\/xn--vielstdte-02a.com\/index.php?rest_route=\/wp\/v2\/pages\/1333\/revisions"}],"predecessor-version":[{"id":1338,"href":"http:\/\/xn--vielstdte-02a.com\/index.php?rest_route=\/wp\/v2\/pages\/1333\/revisions\/1338"}],"wp:attachment":[{"href":"http:\/\/xn--vielstdte-02a.com\/index.php?rest_route=%2Fwp%2Fv2%2Fmedia&parent=1333"}],"curies":[{"name":"wp","href":"https:\/\/api.w.org\/{rel}","templated":true}]}}