{"id":1138,"date":"2018-08-09T14:09:58","date_gmt":"2018-08-09T12:09:58","guid":{"rendered":"http:\/\/xn--vielstdte-02a.com\/?page_id=1138"},"modified":"2018-08-09T14:11:15","modified_gmt":"2018-08-09T12:11:15","slug":"wm-tippspiel-2018","status":"publish","type":"page","link":"http:\/\/xn--vielstdte-02a.com\/?page_id=1138","title":{"rendered":"WM Tippspiel 2018"},"content":{"rendered":"<p>1. Oliver Neuk\u00f6tter<br \/>\n2. Dirk Stockbr\u00fcgger<br \/>\n3. Kevin Kiffmeier<br \/>\n3. Sebastian Vielst\u00e4dte<br \/>\n5. Julian Welzel<br \/>\n6. Lars Nettelstroth<br \/>\n7. Svenja &#038; Johannes Keyserlingk<br \/>\n8. Janine Woltering<br \/>\n9. Daniel Roer<br \/>\n10. Silke H\u00f6lscher<br \/>\n11. Ulf Brockhoff<br \/>\n12. Linda Hahn<br \/>\n12. Rainer Vielst\u00e4dte<br \/>\n14. Indra &#038; Jonah Roer<br \/>\n15. Ingrid Vielst\u00e4dte<br \/>\n16. Lukas Huneke <\/p>\n","protected":false},"excerpt":{"rendered":"<p>1. Oliver Neuk\u00f6tter 2. Dirk Stockbr\u00fcgger 3. Kevin Kiffmeier 3. Sebastian Vielst\u00e4dte 5. Julian Welzel 6. Lars Nettelstroth 7. Svenja &#038; Johannes Keyserlingk 8. Janine Woltering 9. Daniel Roer 10. Silke H\u00f6lscher 11. Ulf Brockhoff 12. Linda Hahn 12. Rainer Vielst\u00e4dte 14. Indra &#038; Jonah Roer 15. Ingrid Vielst\u00e4dte 16. Lukas Huneke<\/p>\n","protected":false},"author":1,"featured_media":943,"parent":72,"menu_order":0,"comment_status":"closed","ping_status":"closed","template":"","meta":[],"_links":{"self":[{"href":"http:\/\/xn--vielstdte-02a.com\/index.php?rest_route=\/wp\/v2\/pages\/1138"}],"collection":[{"href":"http:\/\/xn--vielstdte-02a.com\/index.php?rest_route=\/wp\/v2\/pages"}],"about":[{"href":"http:\/\/xn--vielstdte-02a.com\/index.php?rest_route=\/wp\/v2\/types\/page"}],"author":[{"embeddable":true,"href":"http:\/\/xn--vielstdte-02a.com\/index.php?rest_route=\/wp\/v2\/users\/1"}],"replies":[{"embeddable":true,"href":"http:\/\/xn--vielstdte-02a.com\/index.php?rest_route=%2Fwp%2Fv2%2Fcomments&post=1138"}],"version-history":[{"count":2,"href":"http:\/\/xn--vielstdte-02a.com\/index.php?rest_route=\/wp\/v2\/pages\/1138\/revisions"}],"predecessor-version":[{"id":1141,"href":"http:\/\/xn--vielstdte-02a.com\/index.php?rest_route=\/wp\/v2\/pages\/1138\/revisions\/1141"}],"up":[{"embeddable":true,"href":"http:\/\/xn--vielstdte-02a.com\/index.php?rest_route=\/wp\/v2\/pages\/72"}],"wp:featuredmedia":[{"embeddable":true,"href":"http:\/\/xn--vielstdte-02a.com\/index.php?rest_route=\/wp\/v2\/media\/943"}],"wp:attachment":[{"href":"http:\/\/xn--vielstdte-02a.com\/index.php?rest_route=%2Fwp%2Fv2%2Fmedia&parent=1138"}],"curies":[{"name":"wp","href":"https:\/\/api.w.org\/{rel}","templated":true}]}}