{"id":106,"date":"2016-01-05T20:37:23","date_gmt":"2016-01-05T19:37:23","guid":{"rendered":"http:\/\/xn--vielstdte-02a.com\/?page_id=106"},"modified":"2025-08-13T11:53:14","modified_gmt":"2025-08-13T09:53:14","slug":"em-tippspiel-2016","status":"publish","type":"page","link":"http:\/\/xn--vielstdte-02a.com\/?page_id=106","title":{"rendered":"Bundesliga Tippspiel 2025\/2026 &#8211; Anmeldung"},"content":{"rendered":"<p><b><span style=\"display: inline !important; float: none; background-color: #ffffff; color: #1e1e1e; cursor: text; font-family: -apple-system,BlinkMacSystemFont,'Segoe UI',Roboto,Oxygen-Sans,Ubuntu,Cantarell,'Helvetica Neue',sans-serif; font-size: 16px; font-style: normal; font-variant: normal; font-weight: 400; letter-spacing: normal; orphans: 2; text-align: left; text-decoration: none; text-indent: 0px; text-transform: none; -webkit-text-stroke-width: 0px; white-space: normal; word-spacing: 0px;\"><div class=\"everest-forms\"><div class=\"evf-container default\" id=\"evf-1818\"><form id=\"evf-form-1818\" class=\"everest-form\" data-formid=\"1818\" data-ajax_submission=\"0\" data-keyboard_friendly_form=\"0\" method=\"post\" enctype=\"multipart\/form-data\" action=\"\/index.php?rest_route=%2Fwp%2Fv2%2Fpages%2F106\"><div class=\"evf-field-container\"><input type=\"hidden\" id=\"_wpnonce1818\" name=\"_wpnonce1818\" value=\"dabe44d451\" \/><input type=\"hidden\" name=\"_wp_http_referer\" value=\"\/index.php?rest_route=%2Fwp%2Fv2%2Fpages%2F106\" \/><div class=\"evf-frontend-row\" data-row=\"row_1\" conditional_rules=\"[]\"><div class=\"evf-frontend-grid evf-grid-1\" data-grid=\"grid_1\"><div id=\"evf-1818-field_ys0GeZISRs-1-container\" class=\"evf-field evf-field-first-name form-row validate-required\" data-required-field-message=\"Pflichtfeld\" data-field-id=\"ys0GeZISRs-1\"><label class=\"evf-field-label\" for=\"evf-1818-field_ys0GeZISRs-1\"><span class=\"evf-label\">Name<\/span> <abbr class=\"required\" title=\"Required\">*<\/abbr><\/label><input type=\"text\" id=\"evf-1818-field_ys0GeZISRs-1\" class=\"input-text\" name=\"everest_forms[form_fields][ys0GeZISRs-1]\" required><\/div><div id=\"evf-1818-field_LbH5NxasXM-2-container\" class=\"evf-field evf-field-email form-row validate-required validate-email\" data-required-field-message=\"Bitte g\u00fcltige Email Adresse angeben\" data-field-id=\"LbH5NxasXM-2\"><label class=\"evf-field-label\" for=\"evf-1818-field_LbH5NxasXM-2\"><span class=\"evf-label\">Email<\/span> <abbr class=\"required\" title=\"Required\">*<\/abbr><\/label><input type=\"email\" id=\"evf-1818-field_LbH5NxasXM-2\" class=\"input-text\" name=\"everest_forms[form_fields][LbH5NxasXM-2]\" required ><\/div><div id=\"evf-1818-field_66FR384cge-3-container\" class=\"evf-field evf-field-text form-row validate-required\" data-required-field-message=\"Pflichtfeld\" data-field-id=\"66FR384cge-3\"><label class=\"evf-field-label\" for=\"evf-1818-field_66FR384cge-3\"><span class=\"evf-label\">Benutzername<\/span> <abbr class=\"required\" title=\"Required\">*<\/abbr><\/label><input type=\"text\" id=\"evf-1818-field_66FR384cge-3\" class=\"input-text\" name=\"everest_forms[form_fields][66FR384cge-3]\" required><\/div><div id=\"evf-1818-field_X41WGYRTWI-5-container\" class=\"evf-field evf-field-first-name form-row validate-required\" data-required-field-message=\"Pflichtfeld\" data-field-id=\"X41WGYRTWI-5\"><label class=\"evf-field-label\" for=\"evf-1818-field_X41WGYRTWI-5\"><span class=\"evf-label\">Passwort<\/span> <abbr class=\"required\" title=\"Required\">*<\/abbr><\/label><input type=\"text\" id=\"evf-1818-field_X41WGYRTWI-5\" class=\"input-text\" name=\"everest_forms[form_fields][X41WGYRTWI-5]\" placeholder=\"Da ich die Passw\u00f6rter einsehen kann, bitte ein relativ leichtes nehmen.\" required><\/div><div id=\"evf-1818-field_ssA9njUGdM-13-container\" class=\"evf-field evf-field-first-name form-row validate-required\" data-required-field-message=\"Pflichtfeld\" data-field-id=\"ssA9njUGdM-13\"><label class=\"evf-field-label\" for=\"evf-1818-field_ssA9njUGdM-13\"><span class=\"evf-label\">Deutscher Meister<\/span> <abbr class=\"required\" title=\"Required\">*<\/abbr><\/label><input type=\"text\" id=\"evf-1818-field_ssA9njUGdM-13\" class=\"input-text\" name=\"everest_forms[form_fields][ssA9njUGdM-13]\" required><\/div><div id=\"evf-1818-field_ufXYcQcFAy-14-container\" class=\"evf-field evf-field-first-name form-row validate-required\" data-required-field-message=\"Pflichtfeld\" data-field-id=\"ufXYcQcFAy-14\"><label class=\"evf-field-label\" for=\"evf-1818-field_ufXYcQcFAy-14\"><span class=\"evf-label\">Deutscher Pokalsieger<\/span> <abbr class=\"required\" title=\"Required\">*<\/abbr><\/label><input type=\"text\" id=\"evf-1818-field_ufXYcQcFAy-14\" class=\"input-text\" name=\"everest_forms[form_fields][ufXYcQcFAy-14]\" required><\/div><div id=\"evf-1818-field_OO6VTp1mJl-8-container\" class=\"evf-field evf-field-first-name form-row validate-required\" data-required-field-message=\"Pflichtfeld\" data-field-id=\"OO6VTp1mJl-8\"><label class=\"evf-field-label\" for=\"evf-1818-field_OO6VTp1mJl-8\"><span class=\"evf-label\">Torsch\u00fctzenk\u00f6nig (Spieler)<\/span> <abbr class=\"required\" title=\"Required\">*<\/abbr><\/label><input type=\"text\" id=\"evf-1818-field_OO6VTp1mJl-8\" class=\"input-text\" name=\"everest_forms[form_fields][OO6VTp1mJl-8]\" required><\/div><div id=\"evf-1818-field_TXWGUuoyu8-15-container\" class=\"evf-field evf-field-first-name form-row validate-required\" data-required-field-message=\"Pflichtfeld\" data-field-id=\"TXWGUuoyu8-15\"><label class=\"evf-field-label\" for=\"evf-1818-field_TXWGUuoyu8-15\"><span class=\"evf-label\">3 Absteiger<\/span> <abbr class=\"required\" title=\"Required\">*<\/abbr><\/label><input type=\"text\" id=\"evf-1818-field_TXWGUuoyu8-15\" class=\"input-text\" name=\"everest_forms[form_fields][TXWGUuoyu8-15]\" required><\/div><\/div><\/div><\/div><div class=\"evf-honeypot-container evf-field-hp\"><label for=\"evf-1818-field-hp\" class=\"evf-field-label\">Message<\/label><input type=\"text\" name=\"everest_forms[hp]\" id=\"evf-1818-field-hp\" class=\"input-text\"><\/div><div class=\"evf-submit-container \" ><input type=\"hidden\" name=\"everest_forms[id]\" value=\"1818\"><input type=\"hidden\" name=\"everest_forms[author]\" value=\"1\"><button type='submit' name='everest_forms[submit]' class='everest-forms-submit-button button evf-submit ' id='evf-submit-1818' value='evf-submit' data-process-text=\"warten\u2026\" conditional_rules='&quot;&quot;' conditional_id='evf-submit-1818'  id=\"evf-submit-1818\" aria-live=\"assertive\">Absenden<\/button><\/div><\/form><\/div><!-- .evf-container --><\/div><\/span><\/b><\/p>\n<p><b>Dieses Tippspiel ist rein privater Natur, da nur Freunde, Bekannte oder Familienmitglieder mitwirken. Es hat daher keinerlei kommerziellen Nutzen, eben &#8222;Just for Fun&#8220;!<\/b><\/p>\n<p>Spielbeschreibung<\/p>\n<p>Jeder Benutzer, der das Geld (Einsatz und Preis siehe unten) \u00fcberwiesen hat, bekommt einen Account mit seinen angegebenen Daten, mit denen er sich einloggen kann. Die Anmeldung kann nat\u00fcrlich jederzeit erfolgen, auch erst nach dem ersten Spieltag, die vergangenen Spiele k\u00f6nnen dann allerdings nicht mehr nachtr\u00e4glich getippt werden!<\/p>\n<p>Tippabgabe<\/p>\n<p>Jeder gibt, nat\u00fcrlich im Voraus, seine Ergebnistipps ab. Weiterhin kann man direkt bei der Anmeldung den zuk\u00fcnftigen Deutschen Meister, Pokalsieger, Torsch\u00fctzenk\u00f6nig sowie die drei Absteiger tippen. Tippabgabe und Anmeldung kann nur online erfolgen!<\/p>\n<p>Ganz wichtig: Wenn ein Tipp erst einmal abgegeben wurde, kann er nicht mehr r\u00fcckg\u00e4ngig gemacht werden, der Tipp ist also verbindlich.<br \/>\nNur in Ausnahmef\u00e4llen k\u00f6nnen Tipps annuliert werden, beispielsweise wenn man sich grob vertippt hat wie z.B. 11 statt 1.<\/p>\n<p>Bewertung<\/p>\n<p>Die Tipps werden nach Ende des Spiels mit den tats\u00e4chlichen Ergebnissen der Begegnungen verglichen und mit folgenden Punkten bewertet:<\/p>\n<p>F\u00fcr eine genaue \u00dcbereinstimmung von Tipp und tats\u00e4chlichem Ergebnis erh\u00e4lt man 3 Punkte, f\u00fcr die richtig getippte Tendenz (Sieg, Unentschieden, Niederlage) 1 Punkt. Ein richtig abgegebener Sondertipp bringt weitere 3 Punkte.<\/p>\n<p>Einsatz und Preis<\/p>\n<p>Jeder Spieler muss einmalig 5 Euro Spieleinsatz auf mein Konto \u00fcberweisen. Das ist nat\u00fcrlich mit ein bisschen Vertrauen verbunden, aber das solltet ihr einfach in mich haben und bei 5 Euro ist das auch nicht so gravierend, denke ich. Die Kontodaten bekommt ihr zusammen mit der Best\u00e4tigung nach der Anmeldung. Die Preisstaffelung l\u00e4uft wie folgt ab:<br \/>\nDer Gesamtsieger erh\u00e4lt am Ende des Spiels 50% der eingezahlten Summe, der Zweite 30% und der Dritte immerhin noch 20%. Bei Punktgleichheit entscheidet die Anzahl der richtig getippten Begegnungen. Erst wenn diese auch noch ausgeglichen ist, entscheidet das Los in Anwesenheit aller Parteien. Um Missverst\u00e4ndnisse auszur\u00e4umen: Es werden 100% der Eins\u00e4tze auch wieder als Gewinne ausgesch\u00fcttet!<\/p>\n","protected":false},"excerpt":{"rendered":"<p>Dieses Tippspiel ist rein privater Natur, da nur Freunde, Bekannte oder Familienmitglieder mitwirken. Es hat daher keinerlei kommerziellen Nutzen, eben &#8222;Just for Fun&#8220;! Spielbeschreibung Jeder Benutzer, der das Geld (Einsatz und Preis siehe unten) \u00fcberwiesen hat, bekommt einen Account mit seinen angegebenen Daten, mit denen er sich einloggen kann. Die Anmeldung kann nat\u00fcrlich jederzeit erfolgen, auch erst nach dem ersten Spieltag, die vergangenen Spiele k\u00f6nnen dann allerdings nicht mehr nachtr\u00e4glich getippt werden! Tippabgabe Jeder gibt, nat\u00fcrlich im Voraus, seine Ergebnistipps ab. Weiterhin kann man direkt bei der Anmeldung den zuk\u00fcnftigen&#8230;<a class=\"read-more\" href=\"http:\/\/xn--vielstdte-02a.com\/?page_id=106\">read more<\/a><\/p>\n","protected":false},"author":1,"featured_media":112,"parent":49,"menu_order":0,"comment_status":"closed","ping_status":"closed","template":"","meta":[],"_links":{"self":[{"href":"http:\/\/xn--vielstdte-02a.com\/index.php?rest_route=\/wp\/v2\/pages\/106"}],"collection":[{"href":"http:\/\/xn--vielstdte-02a.com\/index.php?rest_route=\/wp\/v2\/pages"}],"about":[{"href":"http:\/\/xn--vielstdte-02a.com\/index.php?rest_route=\/wp\/v2\/types\/page"}],"author":[{"embeddable":true,"href":"http:\/\/xn--vielstdte-02a.com\/index.php?rest_route=\/wp\/v2\/users\/1"}],"replies":[{"embeddable":true,"href":"http:\/\/xn--vielstdte-02a.com\/index.php?rest_route=%2Fwp%2Fv2%2Fcomments&post=106"}],"version-history":[{"count":34,"href":"http:\/\/xn--vielstdte-02a.com\/index.php?rest_route=\/wp\/v2\/pages\/106\/revisions"}],"predecessor-version":[{"id":2129,"href":"http:\/\/xn--vielstdte-02a.com\/index.php?rest_route=\/wp\/v2\/pages\/106\/revisions\/2129"}],"up":[{"embeddable":true,"href":"http:\/\/xn--vielstdte-02a.com\/index.php?rest_route=\/wp\/v2\/pages\/49"}],"wp:featuredmedia":[{"embeddable":true,"href":"http:\/\/xn--vielstdte-02a.com\/index.php?rest_route=\/wp\/v2\/media\/112"}],"wp:attachment":[{"href":"http:\/\/xn--vielstdte-02a.com\/index.php?rest_route=%2Fwp%2Fv2%2Fmedia&parent=106"}],"curies":[{"name":"wp","href":"https:\/\/api.w.org\/{rel}","templated":true}]}}